{"id":4152,"date":"2020-08-18T13:30:44","date_gmt":"2020-08-18T16:30:44","guid":{"rendered":"https:\/\/heronsnestcottages.com\/website-help-center\/"},"modified":"2020-08-18T13:43:50","modified_gmt":"2020-08-18T16:43:50","slug":"website-help-center","status":"publish","type":"page","link":"https:\/\/heronsnestcottages.com\/fr\/website-help-center\/","title":{"rendered":"Centre d&rsquo;aide du site Web"},"content":{"rendered":"\n<style type=\"text\/css\" data-created_by=\"avia_inline_auto\" id=\"style-css-av-ke062xzh-f5687a938951e7191d6178fb3d1ac61f\">\n#top .av-special-heading.av-ke062xzh-f5687a938951e7191d6178fb3d1ac61f{\npadding-bottom:20px;\n}\nbody .av-special-heading.av-ke062xzh-f5687a938951e7191d6178fb3d1ac61f .av-special-heading-tag .heading-char{\nfont-size:25px;\n}\n.av-special-heading.av-ke062xzh-f5687a938951e7191d6178fb3d1ac61f .av-subheading{\nfont-size:15px;\n}\n<\/style>\n<div  class='av-special-heading av-ke062xzh-f5687a938951e7191d6178fb3d1ac61f av-special-heading-h2  avia-builder-el-0  el_before_av_three_fourth  avia-builder-el-first '><h2 class='av-special-heading-tag '  itemprop=\"headline\"  >Bienvenue dans le centre d\u2019aide de votre site Web!<\/h2><div class=\"special-heading-border\"><div class=\"special-heading-inner-border\"><\/div><\/div><\/div>\n\n<style type=\"text\/css\" data-created_by=\"avia_inline_auto\" id=\"style-css-av-8j8ehx-266ed9ee65e8d75c12adf40a8ad811a0\">\n.flex_column.av-8j8ehx-266ed9ee65e8d75c12adf40a8ad811a0{\nborder-radius:0px 0px 0px 0px;\npadding:0px 0px 0px 0px;\n}\n<\/style>\n<div  class='flex_column av-8j8ehx-266ed9ee65e8d75c12adf40a8ad811a0 av_three_fourth  avia-builder-el-1  el_after_av_heading  el_before_av_one_fourth  first flex_column_div av-zero-column-padding  '     ><p><section  class='av_textblock_section av-ke05v69g-f002f2567170a81195c931b364b4f0cf '   itemscope=\"itemscope\" itemtype=\"https:\/\/schema.org\/CreativeWork\" ><div class='avia_textblock'  itemprop=\"text\" ><p>Pour vous aider \u00e0 d\u00e9marrer dans la gestion de votre site Web, nous avons rassembl\u00e9 des didacticiels, des liens et d&rsquo;autres ressources. N&rsquo;h\u00e9sitez pas \u00e0 nous contacter \u00e0 tout moment si vous avez besoin d&rsquo;aide suppl\u00e9mentaire ou si vous souhaitez ajouter une nouvelle fonctionnalit\u00e9.<\/p>\n<\/div><\/section><br \/>\n<div  class='togglecontainer av-ke05wwfv-5475e2a97920fed5bd037e869ea361fd  avia-builder-el-3  el_after_av_textblock  avia-builder-el-last  toggle_close_all' >\n<section class='av_toggle_section av-av_toggle-50885b71e49a0602da6ea00c14108e8b'  itemscope=\"itemscope\" itemtype=\"https:\/\/schema.org\/CreativeWork\" ><div role=\"tablist\" class=\"single_toggle\" data-tags=\"{Tout} \"  ><p id='toggle-toggle-id-1' data-fake-id='#toggle-id-1' class='toggler  av-title-above '  itemprop=\"headline\"  role='tab' tabindex='0' aria-controls='toggle-id-1' data-slide-speed=\"200\" data-title=\"Comment modifier une page existante\" data-title-open=\"\" data-aria_collapsed=\"Cliquez pour \u00e9tendre : Comment modifier une page existante\" data-aria_expanded=\"Cliquez pour r\u00e9duire : Comment modifier une page existante\">Comment modifier une page existante<span class=\"toggle_icon\"><span class=\"vert_icon\"><\/span><span class=\"hor_icon\"><\/span><\/span><\/p><div id='toggle-id-1' aria-labelledby='toggle-toggle-id-1' role='region' class='toggle_wrap  av-title-above'  ><div class='toggle_content invers-color '  itemprop=\"text\" ><ol>\n<li>Connectez-vous d&rsquo;abord \u00e0 votre compte WordPress, en utilisant les informations fournies.<\/li>\n<li>Une fois arriv\u00e9 au tableau de bord, cliquez sur<\/li>\n<li>Pages<br \/>\n&gt; Toutes les pages<\/li>\n<li>Cela vous montrera toutes les pages existantes sur votre site Web.<\/li>\n<li>Pour modifier une page existante, passez simplement votre souris sur la page et cliquez sur \u00abModifier\u00bb<\/li>\n<li>Cliquez une fois sur l&rsquo;\u00e9l\u00e9ment de page que vous souhaitez modifier.<\/li>\n<li>Lorsque vous avez termin\u00e9, appuyez sur \u00ab\u00a0Enregistrer\u00a0\u00bb dans le coin inf\u00e9rieur droit.<\/li>\n<li>Cliquez ensuite sur \u00ab\u00a0Mettre \u00e0 jour\u00a0\u00bb dans le coin sup\u00e9rieur droit<\/li>\n<\/ol>\n<\/div><\/div><\/div><\/section>\n<section class='av_toggle_section av-av_toggle-921538c37e68b18895ae12af603f7cca'  itemscope=\"itemscope\" itemtype=\"https:\/\/schema.org\/CreativeWork\" ><div role=\"tablist\" class=\"single_toggle\" data-tags=\"{Tout} \"  ><p id='toggle-toggle-id-2' data-fake-id='#toggle-id-2' class='toggler  av-title-above '  itemprop=\"headline\"  role='tab' tabindex='0' aria-controls='toggle-id-2' data-slide-speed=\"200\" data-title=\"Comment ajouter une nouvelle page\" data-title-open=\"\" data-aria_collapsed=\"Cliquez pour \u00e9tendre : Comment ajouter une nouvelle page\" data-aria_expanded=\"Cliquez pour r\u00e9duire : Comment ajouter une nouvelle page\">Comment ajouter une nouvelle page<span class=\"toggle_icon\"><span class=\"vert_icon\"><\/span><span class=\"hor_icon\"><\/span><\/span><\/p><div id='toggle-id-2' aria-labelledby='toggle-toggle-id-2' role='region' class='toggle_wrap  av-title-above'  ><div class='toggle_content invers-color '  itemprop=\"text\" ><ol>\n<li>Connectez-vous au compte WordPress<\/li>\n<li>Sur le c\u00f4t\u00e9 gauche du tableau de bord, cliquez sur \u00ab\u00a0Pages\u00a0\u00bb<\/li>\n<li>Cliquez sur \u00ab\u00a0Ajouter nouveau\u00a0\u00bb<\/li>\n<li>L&rsquo;\u00e9cran suivant vous sera pr\u00e9sent\u00e9.<a class=\"lightbox-added\" href=\"https:\/\/i0.wp.com\/www.web4business.com.au\/wp-content\/uploads\/2013\/08\/WordpressAddNewPage.jpg\"><img loading=\"lazy\" decoding=\"async\" src=\"https:\/\/i0.wp.com\/www.web4business.com.au\/wp-content\/uploads\/2013\/08\/WordpressAddNewPage.jpg\" alt=\"WordpressAddNewPage\" width=\"803\" height=\"618\" \/><\/a><\/li>\n<\/ol>\n<ul>\n<li>Entrez le nom de la page l\u00e0 o\u00f9 il est dit \u00ab\u00a0Entrez le titre ici\u00a0\u00bb<\/li>\n<li>Cliquez sur \u00ab\u00a0\u00c9diteur de mise en page avanc\u00e9\u00a0\u00bb et l&rsquo;\u00e9cran suivant vous sera pr\u00e9sent\u00e9, avec 3 onglets en haut \u00c9l\u00e9ments de mise en page &#8211; vous permet de choisir la mise en page d&rsquo;une page particuli\u00e8re<\/li>\n<li><strong>\u00c9l\u00e9ments de contenu <\/strong>&#8211; vous permet de choisir le type d&rsquo;\u00e9l\u00e9ment que vous souhaitez ins\u00e9rer, par exemple. texte, liste, bouton, etc.<\/li>\n<li><strong>\u00c9l\u00e9ments multim\u00e9dias<\/strong> &#8211; vous permet d&rsquo;ins\u00e9rer des images, des vid\u00e9os, des galeries, des curseurs d&rsquo;animation<\/li>\n<li>Commencez par glisser-d\u00e9poser dans les \u00e9l\u00e9ments de mise en page. Par exemple 1\/2 et 1\/2 signifie que la page sera divis\u00e9e en deux moiti\u00e9s. Ou 2\/3 et 1\/3, etc.<\/li>\n<li>Vous pouvez \u00e9galement ajouter d&rsquo;abord un \u00e9l\u00e9ment \u00abCouleur\u00bb, ce qui vous permettra d&rsquo;ins\u00e9rer diff\u00e9rents arri\u00e8re-plans color\u00e9s ou m\u00eame de placer des images en arri\u00e8re-plan. Si vous souhaitez utiliser cette fonctionnalit\u00e9, faites-la d&rsquo;abord glisser et d\u00e9posez-la, puis faites glisser et d\u00e9posez les \u00e9l\u00e9ments de mise en page.<\/li>\n<li>Ensuite, cliquez sur l&rsquo;onglet \u00ab\u00a0\u00c9l\u00e9ments de contenu\u00a0\u00bb ou \u00ab\u00a0\u00c9l\u00e9ments multim\u00e9dias\u00a0\u00bb et faites glisser et d\u00e9posez l&rsquo;un des \u00e9l\u00e9ments de contenu sur l&rsquo;\u00e9l\u00e9ment de mise en page (Astuce: d\u00e9posez l&rsquo;\u00e9l\u00e9ment de contenu lorsque les \u00e9l\u00e9ments de mise en page sont surlign\u00e9s en vert &#8211; cela garantira qu&rsquo;il est plac\u00e9 dans l&rsquo;\u00e9l\u00e9ment de mise en page).<\/li>\n<\/ul>\n<\/div><\/div><\/div><\/section>\n<section class='av_toggle_section av-av_toggle-5dbcfbd8d47c6261dcabf862f7e6bcba'  itemscope=\"itemscope\" itemtype=\"https:\/\/schema.org\/CreativeWork\" ><div role=\"tablist\" class=\"single_toggle\" data-tags=\"{Tout} \"  ><p id='toggle-toggle-id-3' data-fake-id='#toggle-id-3' class='toggler  av-title-above '  itemprop=\"headline\"  role='tab' tabindex='0' aria-controls='toggle-id-3' data-slide-speed=\"200\" data-title=\"Comment ajouter une page au menu\" data-title-open=\"\" data-aria_collapsed=\"Cliquez pour \u00e9tendre : Comment ajouter une page au menu\" data-aria_expanded=\"Cliquez pour r\u00e9duire : Comment ajouter une page au menu\">Comment ajouter une page au menu<span class=\"toggle_icon\"><span class=\"vert_icon\"><\/span><span class=\"hor_icon\"><\/span><\/span><\/p><div id='toggle-id-3' aria-labelledby='toggle-toggle-id-3' role='region' class='toggle_wrap  av-title-above'  ><div class='toggle_content invers-color '  itemprop=\"text\" ><ol>\n<li>Si vous ajoutez une page cl\u00e9 \u00e0 votre site Web, telle que \u00ab\u00c0 propos de nous\u00bb, dans la plupart des cas, la page sera ajout\u00e9e automatiquement au menu sup\u00e9rieur. Cependant, si vous placez une page secondaire, telle que \u00abQualifications\u00bb, vous devrez l&rsquo;ajouter manuellement au menu.<\/li>\n<li>Pour ce faire, acc\u00e9dez \u00e0 votre tableau de bord. Cliquez ensuite sur \u00abApparence\u00bb, puis sur \u00abMenus\u00bb<\/li>\n<li>Sur le c\u00f4t\u00e9 gauche sous \u00ab\u00a0Pages\u00a0\u00bb, s\u00e9lectionnez la page que vous souhaitez ajouter au menu et cliquez sur \u00ab\u00a0Ajouter au menu\u00a0\u00bb<\/li>\n<li>Ensuite, vous pouvez faire glisser et d\u00e9poser o\u00f9 vous le souhaitez pour que la page s&rsquo;affiche.<\/li>\n<li>N&rsquo;oubliez pas de \u00ab\u00a0Enregistrer le menu\u00a0\u00bb lorsque vous avez termin\u00e9<\/li>\n<\/ol>\n<p><a class=\"lightbox-added alignnone\" href=\"https:\/\/i0.wp.com\/www.web4business.com.au\/wp-content\/uploads\/2013\/08\/WordpressMenus.jpg\"><img loading=\"lazy\" decoding=\"async\" class=\"alignnone size-full wp-image-2976\" src=\"https:\/\/i0.wp.com\/www.web4business.com.au\/wp-content\/uploads\/2013\/08\/WordpressMenus.jpg\" sizes=\"auto, (max-width: 893px) 100vw, 893px\" srcset=\"\/\/i0.wp.com\/www.web4business.com.au\/wp-content\/uploads\/2013\/08\/WordpressMenus.jpg 893w, \/\/i0.wp.com\/www.web4business.com.au\/wp-content\/uploads\/2013\/08\/WordpressMenus-300x285.jpg 300w, \/\/i0.wp.com\/www.web4business.com.au\/wp-content\/uploads\/2013\/08\/WordpressMenus-450x427.jpg 450w\" alt=\"WordpressMenus\" width=\"893\" height=\"849\" \/><\/a><\/p>\n<\/div><\/div><\/div><\/section>\n<\/div><\/p><\/div>\n<style type=\"text\/css\" data-created_by=\"avia_inline_auto\" id=\"style-css-av-2x7lid-fdd989d8cc6a6a24b5abc01a03bc45b4\">\n.flex_column.av-2x7lid-fdd989d8cc6a6a24b5abc01a03bc45b4{\nborder-radius:0px 0px 0px 0px;\npadding:0px 0px 0px 0px;\n}\n<\/style>\n<div  class='flex_column av-2x7lid-fdd989d8cc6a6a24b5abc01a03bc45b4 av_one_fourth  avia-builder-el-4  el_after_av_three_fourth  avia-builder-el-last  flex_column_div av-zero-column-padding  '     ><div  class='avia-button-wrap av-ke05yflz-c1f710e8007e253758c2a60a04b31394-wrap avia-button-center  avia-builder-el-5  avia-builder-el-no-sibling '><a href='http:\/\/hutchinsoncreative.ca\/website-support-request\/'  class='avia-button av-ke05yflz-c1f710e8007e253758c2a60a04b31394 av-link-btn avia-icon_select-yes-right-icon avia-size-large avia-position-center avia-color-theme-color'  target=\"_blank\"  rel=\"noopener noreferrer\"  aria-label=\"Contactez le support\"><span class='avia_iconbox_title' >Contactez le support<\/span><span class='avia_button_icon avia_button_icon_right avia-iconfont avia-font-entypo-fontello' data-av_icon='\ue87d' data-av_iconfont='entypo-fontello' ><\/span><\/a><\/div><\/div><\/p>\n","protected":false},"excerpt":{"rendered":"","protected":false},"author":13,"featured_media":0,"parent":0,"menu_order":0,"comment_status":"closed","ping_status":"closed","template":"","meta":{"footnotes":""},"class_list":["post-4152","page","type-page","status-publish","hentry"],"yoast_head":"<!-- This site is optimized with the Yoast SEO Premium plugin v27.2 (Yoast SEO v27.2) - https:\/\/yoast.com\/product\/yoast-seo-premium-wordpress\/ -->\n<title>Centre d&#039;aide du site Web - Chalets Heron\u2019s Nest Cottages | Charlo, NB<\/title>\n<meta name=\"robots\" content=\"index, follow, max-snippet:-1, max-image-preview:large, max-video-preview:-1\" \/>\n<link rel=\"canonical\" href=\"https:\/\/heronsnestcottages.com\/website-help-center\/\" \/>\n<meta property=\"og:locale\" content=\"fr_FR\" \/>\n<meta property=\"og:type\" content=\"article\" \/>\n<meta property=\"og:title\" content=\"Centre d&#039;aide du site Web\" \/>\n<meta property=\"og:url\" content=\"https:\/\/heronsnestcottages.com\/website-help-center\/\" \/>\n<meta property=\"og:site_name\" content=\"Chalets Heron\u2019s Nest Cottages | Charlo, NB\" \/>\n<meta property=\"article:modified_time\" content=\"2020-08-18T16:43:50+00:00\" \/>\n<meta property=\"og:image\" content=\"https:\/\/i0.wp.com\/www.web4business.com.au\/wp-content\/uploads\/2013\/08\/WordpressAddNewPage.jpg\" \/>\n<meta name=\"twitter:card\" content=\"summary_large_image\" \/>\n<meta name=\"twitter:label1\" content=\"Dur\u00e9e de lecture estim\u00e9e\" \/>\n\t<meta name=\"twitter:data1\" content=\"5 minutes\" \/>\n<script type=\"application\/ld+json\" class=\"yoast-schema-graph\">{\"@context\":\"https:\/\/schema.org\",\"@graph\":[{\"@type\":\"WebPage\",\"@id\":\"https:\/\/heronsnestcottages.com\/website-help-center\/\",\"url\":\"https:\/\/heronsnestcottages.com\/website-help-center\/\",\"name\":\"Centre d'aide du site Web - Chalets Heron\u2019s Nest Cottages | Charlo, NB\",\"isPartOf\":{\"@id\":\"https:\/\/heronsnestcottages.com\/#website\"},\"primaryImageOfPage\":{\"@id\":\"https:\/\/heronsnestcottages.com\/website-help-center\/#primaryimage\"},\"image\":{\"@id\":\"https:\/\/heronsnestcottages.com\/website-help-center\/#primaryimage\"},\"thumbnailUrl\":\"https:\/\/i0.wp.com\/www.web4business.com.au\/wp-content\/uploads\/2013\/08\/WordpressAddNewPage.jpg\",\"datePublished\":\"2020-08-18T16:30:44+00:00\",\"dateModified\":\"2020-08-18T16:43:50+00:00\",\"breadcrumb\":{\"@id\":\"https:\/\/heronsnestcottages.com\/website-help-center\/#breadcrumb\"},\"inLanguage\":\"fr-FR\",\"potentialAction\":[{\"@type\":\"ReadAction\",\"target\":[\"https:\/\/heronsnestcottages.com\/website-help-center\/\"]}]},{\"@type\":\"ImageObject\",\"inLanguage\":\"fr-FR\",\"@id\":\"https:\/\/heronsnestcottages.com\/website-help-center\/#primaryimage\",\"url\":\"https:\/\/i0.wp.com\/www.web4business.com.au\/wp-content\/uploads\/2013\/08\/WordpressAddNewPage.jpg\",\"contentUrl\":\"https:\/\/i0.wp.com\/www.web4business.com.au\/wp-content\/uploads\/2013\/08\/WordpressAddNewPage.jpg\"},{\"@type\":\"BreadcrumbList\",\"@id\":\"https:\/\/heronsnestcottages.com\/website-help-center\/#breadcrumb\",\"itemListElement\":[{\"@type\":\"ListItem\",\"position\":1,\"name\":\"Home\",\"item\":\"https:\/\/heronsnestcottages.com\/fr\/\"},{\"@type\":\"ListItem\",\"position\":2,\"name\":\"Centre d&#8217;aide du site Web\"}]},{\"@type\":\"WebSite\",\"@id\":\"https:\/\/heronsnestcottages.com\/#website\",\"url\":\"https:\/\/heronsnestcottages.com\/\",\"name\":\"Chalets Heron\u2019s Nest Cottages | Charlo, NB\",\"description\":\"Cottage Rentals in New Brunswick\",\"potentialAction\":[{\"@type\":\"SearchAction\",\"target\":{\"@type\":\"EntryPoint\",\"urlTemplate\":\"https:\/\/heronsnestcottages.com\/?s={search_term_string}\"},\"query-input\":{\"@type\":\"PropertyValueSpecification\",\"valueRequired\":true,\"valueName\":\"search_term_string\"}}],\"inLanguage\":\"fr-FR\"}]}<\/script>\n<!-- \/ Yoast SEO Premium plugin. -->","yoast_head_json":{"title":"Centre d'aide du site Web - Chalets Heron\u2019s Nest Cottages | Charlo, NB","robots":{"index":"index","follow":"follow","max-snippet":"max-snippet:-1","max-image-preview":"max-image-preview:large","max-video-preview":"max-video-preview:-1"},"canonical":"https:\/\/heronsnestcottages.com\/website-help-center\/","og_locale":"fr_FR","og_type":"article","og_title":"Centre d'aide du site Web","og_url":"https:\/\/heronsnestcottages.com\/website-help-center\/","og_site_name":"Chalets Heron\u2019s Nest Cottages | Charlo, NB","article_modified_time":"2020-08-18T16:43:50+00:00","og_image":[{"url":"https:\/\/i0.wp.com\/www.web4business.com.au\/wp-content\/uploads\/2013\/08\/WordpressAddNewPage.jpg","type":"","width":"","height":""}],"twitter_card":"summary_large_image","twitter_misc":{"Dur\u00e9e de lecture estim\u00e9e":"5 minutes"},"schema":{"@context":"https:\/\/schema.org","@graph":[{"@type":"WebPage","@id":"https:\/\/heronsnestcottages.com\/website-help-center\/","url":"https:\/\/heronsnestcottages.com\/website-help-center\/","name":"Centre d'aide du site Web - Chalets Heron\u2019s Nest Cottages | Charlo, NB","isPartOf":{"@id":"https:\/\/heronsnestcottages.com\/#website"},"primaryImageOfPage":{"@id":"https:\/\/heronsnestcottages.com\/website-help-center\/#primaryimage"},"image":{"@id":"https:\/\/heronsnestcottages.com\/website-help-center\/#primaryimage"},"thumbnailUrl":"https:\/\/i0.wp.com\/www.web4business.com.au\/wp-content\/uploads\/2013\/08\/WordpressAddNewPage.jpg","datePublished":"2020-08-18T16:30:44+00:00","dateModified":"2020-08-18T16:43:50+00:00","breadcrumb":{"@id":"https:\/\/heronsnestcottages.com\/website-help-center\/#breadcrumb"},"inLanguage":"fr-FR","potentialAction":[{"@type":"ReadAction","target":["https:\/\/heronsnestcottages.com\/website-help-center\/"]}]},{"@type":"ImageObject","inLanguage":"fr-FR","@id":"https:\/\/heronsnestcottages.com\/website-help-center\/#primaryimage","url":"https:\/\/i0.wp.com\/www.web4business.com.au\/wp-content\/uploads\/2013\/08\/WordpressAddNewPage.jpg","contentUrl":"https:\/\/i0.wp.com\/www.web4business.com.au\/wp-content\/uploads\/2013\/08\/WordpressAddNewPage.jpg"},{"@type":"BreadcrumbList","@id":"https:\/\/heronsnestcottages.com\/website-help-center\/#breadcrumb","itemListElement":[{"@type":"ListItem","position":1,"name":"Home","item":"https:\/\/heronsnestcottages.com\/fr\/"},{"@type":"ListItem","position":2,"name":"Centre d&#8217;aide du site Web"}]},{"@type":"WebSite","@id":"https:\/\/heronsnestcottages.com\/#website","url":"https:\/\/heronsnestcottages.com\/","name":"Chalets Heron\u2019s Nest Cottages | Charlo, NB","description":"Cottage Rentals in New Brunswick","potentialAction":[{"@type":"SearchAction","target":{"@type":"EntryPoint","urlTemplate":"https:\/\/heronsnestcottages.com\/?s={search_term_string}"},"query-input":{"@type":"PropertyValueSpecification","valueRequired":true,"valueName":"search_term_string"}}],"inLanguage":"fr-FR"}]}},"_links":{"self":[{"href":"https:\/\/heronsnestcottages.com\/fr\/wp-json\/wp\/v2\/pages\/4152","targetHints":{"allow":["GET"]}}],"collection":[{"href":"https:\/\/heronsnestcottages.com\/fr\/wp-json\/wp\/v2\/pages"}],"about":[{"href":"https:\/\/heronsnestcottages.com\/fr\/wp-json\/wp\/v2\/types\/page"}],"author":[{"embeddable":true,"href":"https:\/\/heronsnestcottages.com\/fr\/wp-json\/wp\/v2\/users\/13"}],"replies":[{"embeddable":true,"href":"https:\/\/heronsnestcottages.com\/fr\/wp-json\/wp\/v2\/comments?post=4152"}],"version-history":[{"count":0,"href":"https:\/\/heronsnestcottages.com\/fr\/wp-json\/wp\/v2\/pages\/4152\/revisions"}],"wp:attachment":[{"href":"https:\/\/heronsnestcottages.com\/fr\/wp-json\/wp\/v2\/media?parent=4152"}],"curies":[{"name":"wp","href":"https:\/\/api.w.org\/{rel}","templated":true}]}}