{"id":3288,"date":"2020-03-30T20:13:03","date_gmt":"2020-03-30T23:13:03","guid":{"rendered":"http:\/\/heronsnest.cp310.zenu.tech\/reservation-policies\/"},"modified":"2022-03-04T01:51:04","modified_gmt":"2022-03-04T05:51:04","slug":"reservation-policies","status":"publish","type":"page","link":"https:\/\/heronsnestcottages.com\/fr\/reservation-policies\/","title":{"rendered":"Politiques de r\u00e9servations"},"content":{"rendered":"<section  class='av_textblock_section av-k8f38pf9-3a9ed957c5cf210b47896f5557ffa65b '   itemscope=\"itemscope\" itemtype=\"https:\/\/schema.org\/CreativeWork\" ><div class='avia_textblock'  itemprop=\"text\" ><p><strong>*Un d\u00e9p\u00f4t de 25% est requis pour toute r\u00e9servation en haute saison.<\/strong><\/p>\n<p><strong>**Un avis d&rsquo;annulation de 30 jours est requis pour toute r\u00e9servation en haute saison.<\/strong><\/p>\n<p><strong>***En haute saison seulement, aucune r\u00e9servation de moins de 2 nuit\u00e9es.<\/strong><\/p>\n<ul>\n<li>Taxes en surplus du prix list\u00e9 dans la grille tarifaire.<\/li>\n<li>L&rsquo;enregistrement (check-in) est garantie pour 16h.\u00a0 \u00a0L&rsquo;heure de d\u00e9part (check-out) est 10h.<\/li>\n<li>Un montant de<strong> 25$<\/strong> additionnel est factur\u00e9 pour un s\u00e9jour avec animal de compagnie. Et 25$ de plus pour chaque semaine additionnelle.<\/li>\n<li>Un avis d\u2019annulation de <strong>48 heures<\/strong> est requis sinon une nuit\u00e9e sera imput\u00e9e \u00e0 votre carte de cr\u00e9dit. (sauf haute saison, 30 jours)<\/li>\n<li>Tous nos chalets sont non-fumeurs.\u00a0 Un <strong>500$<\/strong> sera factur\u00e9 pour le non-respect de cette directive.<\/li>\n<\/ul>\n<\/div><\/section>\n","protected":false},"excerpt":{"rendered":"","protected":false},"author":13,"featured_media":0,"parent":0,"menu_order":0,"comment_status":"closed","ping_status":"closed","template":"","meta":{"footnotes":""},"class_list":["post-3288","page","type-page","status-publish","hentry"],"yoast_head":"<!-- This site is optimized with the Yoast SEO Premium plugin v27.2 (Yoast SEO v27.2) - https:\/\/yoast.com\/product\/yoast-seo-premium-wordpress\/ -->\n<title>Politiques de r\u00e9servations - Chalets Heron\u2019s Nest Cottages | Charlo, NB<\/title>\n<meta name=\"robots\" content=\"index, follow, max-snippet:-1, max-image-preview:large, max-video-preview:-1\" \/>\n<link rel=\"canonical\" href=\"https:\/\/heronsnestcottages.com\/reservation-policies\/\" \/>\n<meta property=\"og:locale\" content=\"fr_FR\" \/>\n<meta property=\"og:type\" content=\"article\" \/>\n<meta property=\"og:title\" content=\"Politiques de r\u00e9servations\" \/>\n<meta property=\"og:url\" content=\"https:\/\/heronsnestcottages.com\/reservation-policies\/\" \/>\n<meta property=\"og:site_name\" content=\"Chalets Heron\u2019s Nest Cottages | Charlo, NB\" \/>\n<meta property=\"article:modified_time\" content=\"2022-03-04T05:51:04+00:00\" \/>\n<meta name=\"twitter:card\" content=\"summary_large_image\" \/>\n<meta name=\"twitter:label1\" content=\"Dur\u00e9e de lecture estim\u00e9e\" \/>\n\t<meta name=\"twitter:data1\" content=\"1 minute\" \/>\n<script type=\"application\/ld+json\" class=\"yoast-schema-graph\">{\"@context\":\"https:\/\/schema.org\",\"@graph\":[{\"@type\":\"WebPage\",\"@id\":\"https:\/\/heronsnestcottages.com\/reservation-policies\/\",\"url\":\"https:\/\/heronsnestcottages.com\/reservation-policies\/\",\"name\":\"Politiques de r\u00e9servations - Chalets Heron\u2019s Nest Cottages | Charlo, NB\",\"isPartOf\":{\"@id\":\"https:\/\/heronsnestcottages.com\/#website\"},\"datePublished\":\"2020-03-30T23:13:03+00:00\",\"dateModified\":\"2022-03-04T05:51:04+00:00\",\"breadcrumb\":{\"@id\":\"https:\/\/heronsnestcottages.com\/reservation-policies\/#breadcrumb\"},\"inLanguage\":\"fr-FR\",\"potentialAction\":[{\"@type\":\"ReadAction\",\"target\":[\"https:\/\/heronsnestcottages.com\/reservation-policies\/\"]}]},{\"@type\":\"BreadcrumbList\",\"@id\":\"https:\/\/heronsnestcottages.com\/reservation-policies\/#breadcrumb\",\"itemListElement\":[{\"@type\":\"ListItem\",\"position\":1,\"name\":\"Home\",\"item\":\"https:\/\/heronsnestcottages.com\/fr\/\"},{\"@type\":\"ListItem\",\"position\":2,\"name\":\"Politiques de r\u00e9servations\"}]},{\"@type\":\"WebSite\",\"@id\":\"https:\/\/heronsnestcottages.com\/#website\",\"url\":\"https:\/\/heronsnestcottages.com\/\",\"name\":\"Chalets Heron\u2019s Nest Cottages | Charlo, NB\",\"description\":\"Cottage Rentals in New Brunswick\",\"potentialAction\":[{\"@type\":\"SearchAction\",\"target\":{\"@type\":\"EntryPoint\",\"urlTemplate\":\"https:\/\/heronsnestcottages.com\/?s={search_term_string}\"},\"query-input\":{\"@type\":\"PropertyValueSpecification\",\"valueRequired\":true,\"valueName\":\"search_term_string\"}}],\"inLanguage\":\"fr-FR\"}]}<\/script>\n<!-- \/ Yoast SEO Premium plugin. -->","yoast_head_json":{"title":"Politiques de r\u00e9servations - Chalets Heron\u2019s Nest Cottages | Charlo, NB","robots":{"index":"index","follow":"follow","max-snippet":"max-snippet:-1","max-image-preview":"max-image-preview:large","max-video-preview":"max-video-preview:-1"},"canonical":"https:\/\/heronsnestcottages.com\/reservation-policies\/","og_locale":"fr_FR","og_type":"article","og_title":"Politiques de r\u00e9servations","og_url":"https:\/\/heronsnestcottages.com\/reservation-policies\/","og_site_name":"Chalets Heron\u2019s Nest Cottages | Charlo, NB","article_modified_time":"2022-03-04T05:51:04+00:00","twitter_card":"summary_large_image","twitter_misc":{"Dur\u00e9e de lecture estim\u00e9e":"1 minute"},"schema":{"@context":"https:\/\/schema.org","@graph":[{"@type":"WebPage","@id":"https:\/\/heronsnestcottages.com\/reservation-policies\/","url":"https:\/\/heronsnestcottages.com\/reservation-policies\/","name":"Politiques de r\u00e9servations - Chalets Heron\u2019s Nest Cottages | Charlo, NB","isPartOf":{"@id":"https:\/\/heronsnestcottages.com\/#website"},"datePublished":"2020-03-30T23:13:03+00:00","dateModified":"2022-03-04T05:51:04+00:00","breadcrumb":{"@id":"https:\/\/heronsnestcottages.com\/reservation-policies\/#breadcrumb"},"inLanguage":"fr-FR","potentialAction":[{"@type":"ReadAction","target":["https:\/\/heronsnestcottages.com\/reservation-policies\/"]}]},{"@type":"BreadcrumbList","@id":"https:\/\/heronsnestcottages.com\/reservation-policies\/#breadcrumb","itemListElement":[{"@type":"ListItem","position":1,"name":"Home","item":"https:\/\/heronsnestcottages.com\/fr\/"},{"@type":"ListItem","position":2,"name":"Politiques de r\u00e9servations"}]},{"@type":"WebSite","@id":"https:\/\/heronsnestcottages.com\/#website","url":"https:\/\/heronsnestcottages.com\/","name":"Chalets Heron\u2019s Nest Cottages | Charlo, NB","description":"Cottage Rentals in New Brunswick","potentialAction":[{"@type":"SearchAction","target":{"@type":"EntryPoint","urlTemplate":"https:\/\/heronsnestcottages.com\/?s={search_term_string}"},"query-input":{"@type":"PropertyValueSpecification","valueRequired":true,"valueName":"search_term_string"}}],"inLanguage":"fr-FR"}]}},"_links":{"self":[{"href":"https:\/\/heronsnestcottages.com\/fr\/wp-json\/wp\/v2\/pages\/3288","targetHints":{"allow":["GET"]}}],"collection":[{"href":"https:\/\/heronsnestcottages.com\/fr\/wp-json\/wp\/v2\/pages"}],"about":[{"href":"https:\/\/heronsnestcottages.com\/fr\/wp-json\/wp\/v2\/types\/page"}],"author":[{"embeddable":true,"href":"https:\/\/heronsnestcottages.com\/fr\/wp-json\/wp\/v2\/users\/13"}],"replies":[{"embeddable":true,"href":"https:\/\/heronsnestcottages.com\/fr\/wp-json\/wp\/v2\/comments?post=3288"}],"version-history":[{"count":0,"href":"https:\/\/heronsnestcottages.com\/fr\/wp-json\/wp\/v2\/pages\/3288\/revisions"}],"wp:attachment":[{"href":"https:\/\/heronsnestcottages.com\/fr\/wp-json\/wp\/v2\/media?parent=3288"}],"curies":[{"name":"wp","href":"https:\/\/api.w.org\/{rel}","templated":true}]}}