{"id":3030,"date":"2016-02-29T13:10:37","date_gmt":"2016-02-29T17:10:37","guid":{"rendered":"http:\/\/heronsnest.cp310.zenu.tech\/welcome\/"},"modified":"2024-10-16T22:29:17","modified_gmt":"2024-10-17T01:29:17","slug":"accueil","status":"publish","type":"page","link":"https:\/\/heronsnestcottages.com\/fr\/","title":{"rendered":"Accueil"},"content":{"rendered":"<div id='full_slider_1'  class='avia-fullwidth-slider main_color avia-shadow av-mini-hide  avia-builder-el-0  el_before_av_section  avia-builder-el-first   container_wrap sidebar_right'  >\n<style type=\"text\/css\" data-created_by=\"avia_inline_auto\" id=\"style-css-av-68u6oq-b157c5a518624b6f9cd5e3360384cb1e\">\n#top #wrap_all .avia-slideshow .av-slideshow-caption.av-68u6oq-b157c5a518624b6f9cd5e3360384cb1e__0 .avia-caption-title{\nfont-size:56px;\n}\n#top .avia-slideshow .av-slideshow-caption.av-68u6oq-b157c5a518624b6f9cd5e3360384cb1e__0 .avia-caption-content{\nfont-size:19px;\n}\n#top .avia-slideshow .av-slideshow-caption.av-68u6oq-b157c5a518624b6f9cd5e3360384cb1e__0 .avia-caption-content p{\nfont-size:19px;\n}\n<\/style>\n<div  class='avia-slideshow av-68u6oq-b157c5a518624b6f9cd5e3360384cb1e avia-slideshow-featured_large av_slideshow_full avia-fade-slider av-mini-hide av-slideshow-ui av-control-hidden av-no-slider-navigation av-hide-nav-arrows av-slideshow-autoplay av-loop-endless av-loop-manual-endless av-default-height-applied  image_no_stretch avia-slideshow-1' data-slideshow-options=\"{&quot;animation&quot;:&quot;fade&quot;,&quot;autoplay&quot;:true,&quot;loop_autoplay&quot;:&quot;endless&quot;,&quot;interval&quot;:5,&quot;loop_manual&quot;:&quot;manual-endless&quot;,&quot;autoplay_stopper&quot;:false,&quot;noNavigation&quot;:true,&quot;bg_slider&quot;:false,&quot;keep_padding&quot;:false,&quot;hoverpause&quot;:false,&quot;show_slide_delay&quot;:0}\"  itemprop=\"image\" itemscope=\"itemscope\" itemtype=\"https:\/\/schema.org\/ImageObject\" ><ul class='avia-slideshow-inner ' style='padding-bottom: 42%;'><li  data-controls='aviaTBaviaTBvideo_controls' data-mute='aviaTBaviaTBvideo_mute' data-loop='aviaTBaviaTBvideo_loop' data-disable-autoplay=''  data-mobile-img='https:\/\/heronsnestcottages.com\/wp-content\/uploads\/2020\/07\/578567_10151782205058272_1185706954_n-960x630.jpg' data-fallback-link='http:\/\/' data-video-height='134' data-video-toppos='-17' data-video-ratio='2.3809523809524' class='avia-slideshow-slide av-68u6oq-b157c5a518624b6f9cd5e3360384cb1e__0  av-video-slide  av-video-service-youtube  av-hide-video-controls av-mute-video av-loop-video av-mobile-fallback-image  av-video-stretch av-single-slide slide-1 slide-odd'><div data-rel='slideshow-1' class='avia-slide-wrap ' style='background-image:url(\"https:\/\/heronsnestcottages.com\/wp-content\/uploads\/2020\/07\/578567_10151782205058272_1185706954_n-960x630.jpg\");'  ><div class='av-click-overlay'><\/div><div class='mejs-mediaelement'  itemprop=\"video\" itemtype=\"https:\/\/schema.org\/VideoObject\" ><div height='1600' width='900' class='av_youtube_frame' id='player_3030_1454403822_152415564'  data-autoplay='0'  data-videoid='ViCNBFKUAgw'  data-hd='1'  data-rel='0'  data-wmode='opaque'  data-loop='0'  data-version='3'  data-autohide='1'  data-color='white'  data-controls='0'  data-iv_load_policy='3'  data-original_url='https:\/\/www.youtube.com\/watch?v=ViCNBFKUAgw' ><\/div><\/div><div class='av-section-color-overlay' style='opacity: 0.3; background-color: #000000; '><\/div><\/div><\/li><\/ul><div class='av-slideshow-caption av-68u6oq-b157c5a518624b6f9cd5e3360384cb1e__0 caption_fullwidth caption_center'><div class=\"container caption_container\"><div class=\"slideshow_caption\"><div class=\"slideshow_inner_caption\"><div class=\"slideshow_align_caption\"><h2 class='avia-caption-title '  itemprop=\"name\" >Magnifiques chalets \u00e0<br \/>\nCharlo Nouveau-Brunswick<\/h2><div class='avia-caption-content '  itemprop=\"description\" ><p>Une vue panoramique inoubliable de la Baie des Chaleurs,<br \/>\nla c\u00f4te gasp\u00e9sienne et la cha\u00eene des montagnes appalaches.<\/p>\n<\/div><a href='https:\/\/app.mews.com\/distributor\/c376a6fa-f020-473b-8d1b-b14c007d0aa3'  target=\"_blank\"  rel=\"noopener noreferrer\" class='avia-slideshow-button avia-button avia-color-light ' data-duration='800' data-easing='easeInOutQuad'>R\u00e9servez maintenant<\/a><\/div><\/div><\/div><\/div><\/div><\/div><\/div>\n<div id='av_section_1'  class='avia-section av-webwq-5a7a1853bc93342fc2f420b50415215f main_color avia-section-default avia-no-border-styling  avia-builder-el-1  el_after_av_slideshow_full  avia-builder-el-last  avia-bg-style-scroll container_wrap sidebar_right'  ><div class='container av-section-cont-open' ><div class='template-page content  av-content-small alpha units'><div class='post-entry post-entry-type-page post-entry-3030'><div class='entry-content-wrapper clearfix'>\n\n<style type=\"text\/css\" data-created_by=\"avia_inline_auto\" id=\"style-css-av-qz8re-17bba62eb4a9446c0b4380d67c54cd2a\">\n.flex_column.av-qz8re-17bba62eb4a9446c0b4380d67c54cd2a{\nborder-radius:0px 0px 0px 0px;\npadding:0px 0px 0px 0px;\n}\n<\/style>\n<div  class='flex_column av-qz8re-17bba62eb4a9446c0b4380d67c54cd2a av_one_fourth  avia-builder-el-2  el_before_av_one_fourth  avia-builder-el-first  first flex_column_div av-zero-column-padding  '     ><p>\n<style type=\"text\/css\" data-created_by=\"avia_inline_auto\" id=\"style-css-av-k6w42ppj-a0de80f27fde424f5c4b7e7fdeb91a70\">\n.avia-image-container.av-k6w42ppj-a0de80f27fde424f5c4b7e7fdeb91a70 img.avia_image{\nbox-shadow:none;\n}\n.avia-image-container.av-k6w42ppj-a0de80f27fde424f5c4b7e7fdeb91a70 .av-caption-image-overlay-bg{\nopacity:0.4;\nbackground-color:#000000;\n}\n.avia-image-container.av-k6w42ppj-a0de80f27fde424f5c4b7e7fdeb91a70 .av-image-caption-overlay-center{\ncolor:#ffffff;\n}\n<\/style>\n<div  class='avia-image-container av-k6w42ppj-a0de80f27fde424f5c4b7e7fdeb91a70 av-styling- av-img-linked avia_animated_image av-animated-when-visible-95 left-to-right avia-align-center  avia-builder-el-3  el_before_av_buttonrow  avia-builder-el-first  noHover av-overlay-hover-deactivate'   itemprop=\"image\" itemscope=\"itemscope\" itemtype=\"https:\/\/schema.org\/ImageObject\" ><div class=\"avia-image-container-inner\"><div class=\"avia-image-overlay-wrap\"><a href=\"https:\/\/heronsnestcottages.com\/chalets\/?lang=fr#1\" class='avia_image '  aria-label='one-storey-2-bedroom'><div class=\"av-image-caption-overlay\"><div class=\"av-caption-image-overlay-bg\"><\/div><div class=\"av-image-caption-overlay-position\"><div class=\"av-image-caption-overlay-center\"><p>Chalet Standard<\/p>\n<\/div><\/div><\/div><img fetchpriority=\"high\" class='wp-image-4414 avia-img-lazy-loading-not-4414 avia_image ' src='https:\/\/heronsnestcottages.com\/wp-content\/uploads\/2024\/10\/one-storey-2-bedroom-300x300.jpg' alt='' title='one-storey-2-bedroom'  height=\"300\" width=\"300\"  itemprop=\"thumbnailUrl\"  \/><\/a><\/div><\/div><\/div><br \/>\n<div  class='avia-buttonrow-wrap av-k6w3sy98-aab2eb16b1f7d47093d102c17b3ab838 avia-buttonrow-center  avia-builder-el-4  el_after_av_image  avia-builder-el-last '>\n\n<style type=\"text\/css\" data-created_by=\"avia_inline_auto\" id=\"style-css-av-1gnfd2-865b5f7178d694ce45ddb15714bdd99f\">\n#top #wrap_all .avia-button.av-1gnfd2-865b5f7178d694ce45ddb15714bdd99f{\nmargin-bottom:5px;\nmargin-right:3px;\nmargin-left:3px;\n}\n<\/style>\n<a href='https:\/\/app.mews.com\/distributor\/c376a6fa-f020-473b-8d1b-b14c007d0aa3'  class='avia-button av-1gnfd2-865b5f7178d694ce45ddb15714bdd99f avia-icon_select-no avia-size-small avia-color-theme-color'  target=\"_blank\"  rel=\"noopener noreferrer\"  aria-label=\"R\u00e9servez\"><span class='avia_iconbox_title' >R\u00e9servez<\/span><\/a>\n\n<style type=\"text\/css\" data-created_by=\"avia_inline_auto\" id=\"style-css-av-cm2aue-c9c4db351e0bc90026ca035571924bef\">\n#top #wrap_all .avia-button.av-cm2aue-c9c4db351e0bc90026ca035571924bef{\nmargin-bottom:5px;\nmargin-right:3px;\nmargin-left:3px;\n}\n<\/style>\n<a href='https:\/\/www.chaletsnidduheron.com\/chalets\/#1'  class='avia-button av-cm2aue-c9c4db351e0bc90026ca035571924bef avia-icon_select-no avia-size-small avia-color-theme-color'   aria-label=\"En savoir plus\"><span class='avia_iconbox_title' >En savoir plus<\/span><\/a>\n<\/div><\/p><\/div>\n<style type=\"text\/css\" data-created_by=\"avia_inline_auto\" id=\"style-css-av-2bolm-7c3c5fe65a1ce421b37b9f5b49708ee2\">\n.flex_column.av-2bolm-7c3c5fe65a1ce421b37b9f5b49708ee2{\nborder-radius:0px 0px 0px 0px;\npadding:0px 0px 0px 0px;\n}\n<\/style>\n<div  class='flex_column av-2bolm-7c3c5fe65a1ce421b37b9f5b49708ee2 av_one_fourth  avia-builder-el-5  el_after_av_one_fourth  el_before_av_one_fourth  flex_column_div av-zero-column-padding  '     ><p>\n<style type=\"text\/css\" data-created_by=\"avia_inline_auto\" id=\"style-css-av-k6w42ppj-25305090b3491e04bbe9a702a42e27ea\">\n.avia-image-container.av-k6w42ppj-25305090b3491e04bbe9a702a42e27ea img.avia_image{\nbox-shadow:none;\n}\n.avia-image-container.av-k6w42ppj-25305090b3491e04bbe9a702a42e27ea .av-caption-image-overlay-bg{\nopacity:0.4;\nbackground-color:#000000;\n}\n.avia-image-container.av-k6w42ppj-25305090b3491e04bbe9a702a42e27ea .av-image-caption-overlay-center{\ncolor:#ffffff;\n}\n<\/style>\n<div  class='avia-image-container av-k6w42ppj-25305090b3491e04bbe9a702a42e27ea av-styling- av-img-linked avia_animated_image av-animated-when-visible-95 left-to-right avia-align-center  avia-builder-el-6  el_before_av_buttonrow  avia-builder-el-first  noHover av-overlay-hover-deactivate'   itemprop=\"image\" itemscope=\"itemscope\" itemtype=\"https:\/\/schema.org\/ImageObject\" ><div class=\"avia-image-container-inner\"><div class=\"avia-image-overlay-wrap\"><a href=\"https:\/\/heronsnestcottages.com\/chalets\/?lang=fr#2\" class='avia_image '  aria-label='2-bedroom'><div class=\"av-image-caption-overlay\"><div class=\"av-caption-image-overlay-bg\"><\/div><div class=\"av-image-caption-overlay-position\"><div class=\"av-image-caption-overlay-center\"><p>Chalet sup\u00e9rieur de deux chambres sur deux \u00e9tages (5)<\/p>\n<\/div><\/div><\/div><img fetchpriority=\"high\" class='wp-image-4416 avia-img-lazy-loading-not-4416 avia_image ' src='https:\/\/heronsnestcottages.com\/wp-content\/uploads\/2024\/10\/2-bedroom-300x300.jpg' alt='' title='2-bedroom'  height=\"300\" width=\"300\"  itemprop=\"thumbnailUrl\"  \/><\/a><\/div><\/div><\/div><br \/>\n<div  class='avia-buttonrow-wrap av-k6w3sy98-aab2eb16b1f7d47093d102c17b3ab838 avia-buttonrow-center  avia-builder-el-7  el_after_av_image  avia-builder-el-last '>\n\n<style type=\"text\/css\" data-created_by=\"avia_inline_auto\" id=\"style-css-av-agag3a-04f90c936d04255f2cd87eb6e2e267fa\">\n#top #wrap_all .avia-button.av-agag3a-04f90c936d04255f2cd87eb6e2e267fa{\nmargin-bottom:5px;\nmargin-right:3px;\nmargin-left:3px;\n}\n<\/style>\n<a href='https:\/\/app.mews.com\/distributor\/c376a6fa-f020-473b-8d1b-b14c007d0aa3'  class='avia-button av-agag3a-04f90c936d04255f2cd87eb6e2e267fa avia-icon_select-no avia-size-small avia-color-theme-color'  target=\"_blank\"  rel=\"noopener noreferrer\"  aria-label=\"R\u00e9servez\"><span class='avia_iconbox_title' >R\u00e9servez<\/span><\/a>\n\n<style type=\"text\/css\" data-created_by=\"avia_inline_auto\" id=\"style-css-av-8kx19y-07f0ab18dd8e46a1b6a12552d5e8ee38\">\n#top #wrap_all .avia-button.av-8kx19y-07f0ab18dd8e46a1b6a12552d5e8ee38{\nmargin-bottom:5px;\nmargin-right:3px;\nmargin-left:3px;\n}\n<\/style>\n<a href='https:\/\/www.chaletsnidduheron.com\/chalets\/#2'  class='avia-button av-8kx19y-07f0ab18dd8e46a1b6a12552d5e8ee38 avia-icon_select-no avia-size-small avia-color-theme-color'   aria-label=\"En savoir plus\"><span class='avia_iconbox_title' >En savoir plus<\/span><\/a>\n<\/div><\/p><\/div>\n<style type=\"text\/css\" data-created_by=\"avia_inline_auto\" id=\"style-css-av-e3ibe-d018ee3813b2084b0cc4303ed12b251a\">\n.flex_column.av-e3ibe-d018ee3813b2084b0cc4303ed12b251a{\nborder-radius:0px 0px 0px 0px;\npadding:0px 0px 0px 0px;\n}\n<\/style>\n<div  class='flex_column av-e3ibe-d018ee3813b2084b0cc4303ed12b251a av_one_fourth  avia-builder-el-8  el_after_av_one_fourth  el_before_av_one_fourth  flex_column_div av-zero-column-padding  '     ><p>\n<style type=\"text\/css\" data-created_by=\"avia_inline_auto\" id=\"style-css-av-k6w42ppj-998a098d250c426f4ff6cd4ca044d8da\">\n.avia-image-container.av-k6w42ppj-998a098d250c426f4ff6cd4ca044d8da img.avia_image{\nbox-shadow:none;\n}\n.avia-image-container.av-k6w42ppj-998a098d250c426f4ff6cd4ca044d8da .av-caption-image-overlay-bg{\nopacity:0.4;\nbackground-color:#000000;\n}\n.avia-image-container.av-k6w42ppj-998a098d250c426f4ff6cd4ca044d8da .av-image-caption-overlay-center{\ncolor:#ffffff;\n}\n<\/style>\n<div  class='avia-image-container av-k6w42ppj-998a098d250c426f4ff6cd4ca044d8da av-styling- av-img-linked avia_animated_image av-animated-when-visible-95 left-to-right avia-align-center  avia-builder-el-9  el_before_av_buttonrow  avia-builder-el-first  noHover av-overlay-hover-deactivate'   itemprop=\"image\" itemscope=\"itemscope\" itemtype=\"https:\/\/schema.org\/ImageObject\" ><div class=\"avia-image-container-inner\"><div class=\"avia-image-overlay-wrap\"><a href=\"https:\/\/heronsnestcottages.com\/chalets\/?lang=fr#3\" class='avia_image '  aria-label='3-bedroom'><div class=\"av-image-caption-overlay\"><div class=\"av-caption-image-overlay-bg\"><\/div><div class=\"av-image-caption-overlay-position\"><div class=\"av-image-caption-overlay-center\"><p>Chalet sup\u00e9rieur de trois chambres sur deux \u00e9tages (2)<\/p>\n<\/div><\/div><\/div><img fetchpriority=\"high\" class='wp-image-4412 avia-img-lazy-loading-not-4412 avia_image ' src='https:\/\/heronsnestcottages.com\/wp-content\/uploads\/2024\/10\/3-bedroom-300x300.jpg' alt='' title='3-bedroom'  height=\"300\" width=\"300\"  itemprop=\"thumbnailUrl\"  \/><\/a><\/div><\/div><\/div><br \/>\n<div  class='avia-buttonrow-wrap av-k6w3sy98-aab2eb16b1f7d47093d102c17b3ab838 avia-buttonrow-center  avia-builder-el-10  el_after_av_image  avia-builder-el-last '>\n\n<style type=\"text\/css\" data-created_by=\"avia_inline_auto\" id=\"style-css-av-7lrtfq-be88bc033386e1f28a5312c01e68d152\">\n#top #wrap_all .avia-button.av-7lrtfq-be88bc033386e1f28a5312c01e68d152{\nmargin-bottom:5px;\nmargin-right:3px;\nmargin-left:3px;\n}\n<\/style>\n<a href='https:\/\/app.mews.com\/distributor\/c376a6fa-f020-473b-8d1b-b14c007d0aa3'  class='avia-button av-7lrtfq-be88bc033386e1f28a5312c01e68d152 avia-icon_select-no avia-size-small avia-color-theme-color'  target=\"_blank\"  rel=\"noopener noreferrer\"  aria-label=\"R\u00e9servez\"><span class='avia_iconbox_title' >R\u00e9servez<\/span><\/a>\n\n<style type=\"text\/css\" data-created_by=\"avia_inline_auto\" id=\"style-css-av-6e4yie-73a4aac7e844c0e7007dffe63af8b1c4\">\n#top #wrap_all .avia-button.av-6e4yie-73a4aac7e844c0e7007dffe63af8b1c4{\nmargin-bottom:5px;\nmargin-right:3px;\nmargin-left:3px;\n}\n<\/style>\n<a href='https:\/\/www.chaletsnidduheron.com\/chalets\/#3'  class='avia-button av-6e4yie-73a4aac7e844c0e7007dffe63af8b1c4 avia-icon_select-no avia-size-small avia-color-theme-color'   aria-label=\"En savoir plus\"><span class='avia_iconbox_title' >En savoir plus<\/span><\/a>\n<\/div><\/p><\/div>\n<style type=\"text\/css\" data-created_by=\"avia_inline_auto\" id=\"style-css-av-a0zmi-fa0c9c2e470d5deaf30e747307e78fd9\">\n.flex_column.av-a0zmi-fa0c9c2e470d5deaf30e747307e78fd9{\nborder-radius:0px 0px 0px 0px;\npadding:0px 0px 0px 0px;\n}\n<\/style>\n<div  class='flex_column av-a0zmi-fa0c9c2e470d5deaf30e747307e78fd9 av_one_fourth  avia-builder-el-11  el_after_av_one_fourth  avia-builder-el-last  flex_column_div av-zero-column-padding  '     ><p>\n<style type=\"text\/css\" data-created_by=\"avia_inline_auto\" id=\"style-css-av-k6w42ppj-f24467dbd6c8d433e3c74dd399566477\">\n.avia-image-container.av-k6w42ppj-f24467dbd6c8d433e3c74dd399566477 img.avia_image{\nbox-shadow:none;\n}\n.avia-image-container.av-k6w42ppj-f24467dbd6c8d433e3c74dd399566477 .av-caption-image-overlay-bg{\nopacity:0.4;\nbackground-color:#000000;\n}\n.avia-image-container.av-k6w42ppj-f24467dbd6c8d433e3c74dd399566477 .av-image-caption-overlay-center{\ncolor:#ffffff;\n}\n<\/style>\n<div  class='avia-image-container av-k6w42ppj-f24467dbd6c8d433e3c74dd399566477 av-styling- av-img-linked avia_animated_image av-animated-when-visible-95 left-to-right avia-align-center  avia-builder-el-12  el_before_av_buttonrow  avia-builder-el-first  noHover av-overlay-hover-deactivate'   itemprop=\"image\" itemscope=\"itemscope\" itemtype=\"https:\/\/schema.org\/ImageObject\" ><div class=\"avia-image-container-inner\"><div class=\"avia-image-overlay-wrap\"><a href=\"https:\/\/heronsnestcottages.com\/chalets\/?lang=fr#4\" class='avia_image '  aria-label='romantic-cottage'><div class=\"av-image-caption-overlay\"><div class=\"av-caption-image-overlay-bg\"><\/div><div class=\"av-image-caption-overlay-position\"><div class=\"av-image-caption-overlay-center\"><p>Sup\u00e9rieur ou Romantique<\/p>\n<\/div><\/div><\/div><img fetchpriority=\"high\" class='wp-image-4410 avia-img-lazy-loading-not-4410 avia_image ' src='https:\/\/heronsnestcottages.com\/wp-content\/uploads\/2024\/10\/romantic-cottage-300x300.jpg' alt='' title='romantic-cottage'  height=\"300\" width=\"300\"  itemprop=\"thumbnailUrl\"  \/><\/a><\/div><\/div><\/div><br \/>\n<div  class='avia-buttonrow-wrap av-k6w3sy98-aab2eb16b1f7d47093d102c17b3ab838 avia-buttonrow-center  avia-builder-el-13  el_after_av_image  avia-builder-el-last '>\n\n<style type=\"text\/css\" data-created_by=\"avia_inline_auto\" id=\"style-css-av-3j4bpi-53eed9251b749dbd45c9c24f2acff933\">\n#top #wrap_all .avia-button.av-3j4bpi-53eed9251b749dbd45c9c24f2acff933{\nmargin-bottom:5px;\nmargin-right:3px;\nmargin-left:3px;\n}\n<\/style>\n<a href='https:\/\/app.mews.com\/distributor\/c376a6fa-f020-473b-8d1b-b14c007d0aa3'  class='avia-button av-3j4bpi-53eed9251b749dbd45c9c24f2acff933 avia-icon_select-no avia-size-small avia-color-theme-color'  target=\"_blank\"  rel=\"noopener noreferrer\"  aria-label=\"R\u00e9servez\"><span class='avia_iconbox_title' >R\u00e9servez<\/span><\/a>\n\n<style type=\"text\/css\" data-created_by=\"avia_inline_auto\" id=\"style-css-av-2r8dqe-15a19d4c07daf8819d9d99fa6a432e67\">\n#top #wrap_all .avia-button.av-2r8dqe-15a19d4c07daf8819d9d99fa6a432e67{\nmargin-bottom:5px;\nmargin-right:3px;\nmargin-left:3px;\n}\n<\/style>\n<a href='https:\/\/www.chaletsnidduheron.com\/chalets\/#4'  class='avia-button av-2r8dqe-15a19d4c07daf8819d9d99fa6a432e67 avia-icon_select-no avia-size-small avia-color-theme-color'   aria-label=\"En savoir plus\"><span class='avia_iconbox_title' >En savoir plus<\/span><\/a>\n<\/div><\/p><\/div>\n<\/div><\/div><\/div><!-- close content main div --><\/div><\/div><div id='after_section_1'  class='main_color av_default_container_wrap container_wrap sidebar_right'  ><div class='container av-section-cont-open' ><div class='template-page content  av-content-small alpha units'><div class='post-entry post-entry-type-page post-entry-3030'><div class='entry-content-wrapper clearfix'>\n","protected":false},"excerpt":{"rendered":"","protected":false},"author":13,"featured_media":0,"parent":0,"menu_order":0,"comment_status":"closed","ping_status":"closed","template":"","meta":{"footnotes":""},"class_list":["post-3030","page","type-page","status-publish","hentry"],"yoast_head":"<!-- This site is optimized with the Yoast SEO Premium plugin v27.2 (Yoast SEO v27.2) - https:\/\/yoast.com\/product\/yoast-seo-premium-wordpress\/ -->\n<title>Accueil - Chalets Heron\u2019s Nest Cottages | Charlo, NB<\/title>\n<meta name=\"robots\" content=\"index, follow, max-snippet:-1, max-image-preview:large, max-video-preview:-1\" \/>\n<link rel=\"canonical\" href=\"https:\/\/heronsnestcottages.com\/fr\/\" \/>\n<meta property=\"og:locale\" content=\"fr_FR\" \/>\n<meta property=\"og:type\" content=\"article\" \/>\n<meta property=\"og:title\" content=\"Accueil\" \/>\n<meta property=\"og:url\" content=\"https:\/\/heronsnestcottages.com\/fr\/\" \/>\n<meta property=\"og:site_name\" content=\"Chalets Heron\u2019s Nest Cottages | Charlo, NB\" \/>\n<meta property=\"article:modified_time\" content=\"2024-10-17T01:29:17+00:00\" \/>\n<meta name=\"twitter:card\" content=\"summary_large_image\" \/>\n<meta name=\"twitter:label1\" content=\"Dur\u00e9e de lecture estim\u00e9e\" \/>\n\t<meta name=\"twitter:data1\" content=\"2 minutes\" \/>\n<script type=\"application\/ld+json\" class=\"yoast-schema-graph\">{\"@context\":\"https:\/\/schema.org\",\"@graph\":[{\"@type\":\"WebPage\",\"@id\":\"https:\/\/heronsnestcottages.com\/fr\/\",\"url\":\"https:\/\/heronsnestcottages.com\/fr\/\",\"name\":\"Accueil - Chalets Heron\u2019s Nest Cottages | Charlo, NB\",\"isPartOf\":{\"@id\":\"https:\/\/heronsnestcottages.com\/#website\"},\"datePublished\":\"2016-02-29T17:10:37+00:00\",\"dateModified\":\"2024-10-17T01:29:17+00:00\",\"breadcrumb\":{\"@id\":\"https:\/\/heronsnestcottages.com\/fr\/#breadcrumb\"},\"inLanguage\":\"fr-FR\",\"potentialAction\":[{\"@type\":\"ReadAction\",\"target\":[\"https:\/\/heronsnestcottages.com\/fr\/\"]}]},{\"@type\":\"BreadcrumbList\",\"@id\":\"https:\/\/heronsnestcottages.com\/fr\/#breadcrumb\",\"itemListElement\":[{\"@type\":\"ListItem\",\"position\":1,\"name\":\"Home\",\"item\":\"https:\/\/heronsnestcottages.com\/fr\/\"},{\"@type\":\"ListItem\",\"position\":2,\"name\":\"Accueil\"}]},{\"@type\":\"WebSite\",\"@id\":\"https:\/\/heronsnestcottages.com\/#website\",\"url\":\"https:\/\/heronsnestcottages.com\/\",\"name\":\"Chalets Heron\u2019s Nest Cottages | Charlo, NB\",\"description\":\"Cottage Rentals in New Brunswick\",\"potentialAction\":[{\"@type\":\"SearchAction\",\"target\":{\"@type\":\"EntryPoint\",\"urlTemplate\":\"https:\/\/heronsnestcottages.com\/?s={search_term_string}\"},\"query-input\":{\"@type\":\"PropertyValueSpecification\",\"valueRequired\":true,\"valueName\":\"search_term_string\"}}],\"inLanguage\":\"fr-FR\"}]}<\/script>\n<!-- \/ Yoast SEO Premium plugin. -->","yoast_head_json":{"title":"Accueil - Chalets Heron\u2019s Nest Cottages | Charlo, NB","robots":{"index":"index","follow":"follow","max-snippet":"max-snippet:-1","max-image-preview":"max-image-preview:large","max-video-preview":"max-video-preview:-1"},"canonical":"https:\/\/heronsnestcottages.com\/fr\/","og_locale":"fr_FR","og_type":"article","og_title":"Accueil","og_url":"https:\/\/heronsnestcottages.com\/fr\/","og_site_name":"Chalets Heron\u2019s Nest Cottages | Charlo, NB","article_modified_time":"2024-10-17T01:29:17+00:00","twitter_card":"summary_large_image","twitter_misc":{"Dur\u00e9e de lecture estim\u00e9e":"2 minutes"},"schema":{"@context":"https:\/\/schema.org","@graph":[{"@type":"WebPage","@id":"https:\/\/heronsnestcottages.com\/fr\/","url":"https:\/\/heronsnestcottages.com\/fr\/","name":"Accueil - Chalets Heron\u2019s Nest Cottages | Charlo, NB","isPartOf":{"@id":"https:\/\/heronsnestcottages.com\/#website"},"datePublished":"2016-02-29T17:10:37+00:00","dateModified":"2024-10-17T01:29:17+00:00","breadcrumb":{"@id":"https:\/\/heronsnestcottages.com\/fr\/#breadcrumb"},"inLanguage":"fr-FR","potentialAction":[{"@type":"ReadAction","target":["https:\/\/heronsnestcottages.com\/fr\/"]}]},{"@type":"BreadcrumbList","@id":"https:\/\/heronsnestcottages.com\/fr\/#breadcrumb","itemListElement":[{"@type":"ListItem","position":1,"name":"Home","item":"https:\/\/heronsnestcottages.com\/fr\/"},{"@type":"ListItem","position":2,"name":"Accueil"}]},{"@type":"WebSite","@id":"https:\/\/heronsnestcottages.com\/#website","url":"https:\/\/heronsnestcottages.com\/","name":"Chalets Heron\u2019s Nest Cottages | Charlo, NB","description":"Cottage Rentals in New Brunswick","potentialAction":[{"@type":"SearchAction","target":{"@type":"EntryPoint","urlTemplate":"https:\/\/heronsnestcottages.com\/?s={search_term_string}"},"query-input":{"@type":"PropertyValueSpecification","valueRequired":true,"valueName":"search_term_string"}}],"inLanguage":"fr-FR"}]}},"_links":{"self":[{"href":"https:\/\/heronsnestcottages.com\/fr\/wp-json\/wp\/v2\/pages\/3030","targetHints":{"allow":["GET"]}}],"collection":[{"href":"https:\/\/heronsnestcottages.com\/fr\/wp-json\/wp\/v2\/pages"}],"about":[{"href":"https:\/\/heronsnestcottages.com\/fr\/wp-json\/wp\/v2\/types\/page"}],"author":[{"embeddable":true,"href":"https:\/\/heronsnestcottages.com\/fr\/wp-json\/wp\/v2\/users\/13"}],"replies":[{"embeddable":true,"href":"https:\/\/heronsnestcottages.com\/fr\/wp-json\/wp\/v2\/comments?post=3030"}],"version-history":[{"count":0,"href":"https:\/\/heronsnestcottages.com\/fr\/wp-json\/wp\/v2\/pages\/3030\/revisions"}],"wp:attachment":[{"href":"https:\/\/heronsnestcottages.com\/fr\/wp-json\/wp\/v2\/media?parent=3030"}],"curies":[{"name":"wp","href":"https:\/\/api.w.org\/{rel}","templated":true}]}}