{"id":2999,"date":"2020-03-01T07:59:33","date_gmt":"2020-03-01T11:59:33","guid":{"rendered":"http:\/\/heronsnest.cp310.zenu.tech\/reviews\/"},"modified":"2020-03-08T21:27:32","modified_gmt":"2020-03-09T00:27:32","slug":"reviews","status":"publish","type":"page","link":"https:\/\/heronsnestcottages.com\/fr\/reviews\/","title":{"rendered":"T\u00e9moignages"},"content":{"rendered":"<section  class='av_textblock_section av-k78zex8n-42fc04e1ca98eb8a516984b7c5fb6d53 '   itemscope=\"itemscope\" itemtype=\"https:\/\/schema.org\/CreativeWork\" ><div class='avia_textblock'  itemprop=\"text\" ><p>Chalet tr\u00e8s propre, bien \u00e9quip\u00e9, tr\u00e8s bonne location!\u00a0 Une belle vacance avec des enfants.<br \/><strong>&#8211; Serge Gallant<\/strong><\/p>\n<p>Un bel oasis de paix et de d\u00e9tente au littoral de la Baie des Chaleurs.\u00a0 Belle porte d&rsquo;entr\u00e9e au Nouveau-Brunswick.\u00a0 Le bois\u00e9 est magnifique avec cette diversit\u00e9 d&rsquo;oiseaux aussi belle et unique.<br \/><strong>&#8211; Pierre Dufresne<\/strong><\/p>\n<p>Tr\u00e8s bel endroit, beau chalet propre, sentier et plage \u00e0 proximit\u00e9 pour marcher, que demander de mieux?<br \/><strong>&#8211; Marie-Jos\u00e9e Martin<\/strong><\/p>\n<p>Tr\u00e8s beaux chalets, super de belle vue!\u00a0 Les lev\u00e9s de soleil font toute la diff\u00e9rence pour le restant de la journ\u00e9e!!!<br \/><strong>&#8211; Ginette St-Onge<\/strong><\/p>\n<p>Chalet tr\u00e8s propre, bien \u00e9quip\u00e9, tr\u00e8s bonne location!\u00a0 Une belle vacance avec des enfants.<br \/><strong>&#8211; Serge Gallant<\/strong><\/p>\n<\/div><\/section>\n","protected":false},"excerpt":{"rendered":"","protected":false},"author":13,"featured_media":0,"parent":0,"menu_order":0,"comment_status":"closed","ping_status":"closed","template":"","meta":{"footnotes":""},"class_list":["post-2999","page","type-page","status-publish","hentry"],"yoast_head":"<!-- This site is optimized with the Yoast SEO Premium plugin v27.2 (Yoast SEO v27.2) - https:\/\/yoast.com\/product\/yoast-seo-premium-wordpress\/ -->\n<title>T\u00e9moignages - Chalets Heron\u2019s Nest Cottages | Charlo, NB<\/title>\n<meta name=\"robots\" content=\"index, follow, max-snippet:-1, max-image-preview:large, max-video-preview:-1\" \/>\n<link rel=\"canonical\" href=\"https:\/\/heronsnestcottages.com\/reviews\/\" \/>\n<meta property=\"og:locale\" content=\"fr_FR\" \/>\n<meta property=\"og:type\" content=\"article\" \/>\n<meta property=\"og:title\" content=\"T\u00e9moignages\" \/>\n<meta property=\"og:url\" content=\"https:\/\/heronsnestcottages.com\/reviews\/\" \/>\n<meta property=\"og:site_name\" content=\"Chalets Heron\u2019s Nest Cottages | Charlo, NB\" \/>\n<meta property=\"article:modified_time\" content=\"2020-03-09T00:27:32+00:00\" \/>\n<meta name=\"twitter:card\" content=\"summary_large_image\" \/>\n<meta name=\"twitter:label1\" content=\"Dur\u00e9e de lecture estim\u00e9e\" \/>\n\t<meta name=\"twitter:data1\" content=\"1 minute\" \/>\n<script type=\"application\/ld+json\" class=\"yoast-schema-graph\">{\"@context\":\"https:\/\/schema.org\",\"@graph\":[{\"@type\":\"WebPage\",\"@id\":\"https:\/\/heronsnestcottages.com\/reviews\/\",\"url\":\"https:\/\/heronsnestcottages.com\/reviews\/\",\"name\":\"T\u00e9moignages - Chalets Heron\u2019s Nest Cottages | Charlo, NB\",\"isPartOf\":{\"@id\":\"https:\/\/heronsnestcottages.com\/#website\"},\"datePublished\":\"2020-03-01T11:59:33+00:00\",\"dateModified\":\"2020-03-09T00:27:32+00:00\",\"breadcrumb\":{\"@id\":\"https:\/\/heronsnestcottages.com\/reviews\/#breadcrumb\"},\"inLanguage\":\"fr-FR\",\"potentialAction\":[{\"@type\":\"ReadAction\",\"target\":[\"https:\/\/heronsnestcottages.com\/reviews\/\"]}]},{\"@type\":\"BreadcrumbList\",\"@id\":\"https:\/\/heronsnestcottages.com\/reviews\/#breadcrumb\",\"itemListElement\":[{\"@type\":\"ListItem\",\"position\":1,\"name\":\"Home\",\"item\":\"https:\/\/heronsnestcottages.com\/fr\/\"},{\"@type\":\"ListItem\",\"position\":2,\"name\":\"T\u00e9moignages\"}]},{\"@type\":\"WebSite\",\"@id\":\"https:\/\/heronsnestcottages.com\/#website\",\"url\":\"https:\/\/heronsnestcottages.com\/\",\"name\":\"Chalets Heron\u2019s Nest Cottages | Charlo, NB\",\"description\":\"Cottage Rentals in New Brunswick\",\"potentialAction\":[{\"@type\":\"SearchAction\",\"target\":{\"@type\":\"EntryPoint\",\"urlTemplate\":\"https:\/\/heronsnestcottages.com\/?s={search_term_string}\"},\"query-input\":{\"@type\":\"PropertyValueSpecification\",\"valueRequired\":true,\"valueName\":\"search_term_string\"}}],\"inLanguage\":\"fr-FR\"}]}<\/script>\n<!-- \/ Yoast SEO Premium plugin. -->","yoast_head_json":{"title":"T\u00e9moignages - Chalets Heron\u2019s Nest Cottages | Charlo, NB","robots":{"index":"index","follow":"follow","max-snippet":"max-snippet:-1","max-image-preview":"max-image-preview:large","max-video-preview":"max-video-preview:-1"},"canonical":"https:\/\/heronsnestcottages.com\/reviews\/","og_locale":"fr_FR","og_type":"article","og_title":"T\u00e9moignages","og_url":"https:\/\/heronsnestcottages.com\/reviews\/","og_site_name":"Chalets Heron\u2019s Nest Cottages | Charlo, NB","article_modified_time":"2020-03-09T00:27:32+00:00","twitter_card":"summary_large_image","twitter_misc":{"Dur\u00e9e de lecture estim\u00e9e":"1 minute"},"schema":{"@context":"https:\/\/schema.org","@graph":[{"@type":"WebPage","@id":"https:\/\/heronsnestcottages.com\/reviews\/","url":"https:\/\/heronsnestcottages.com\/reviews\/","name":"T\u00e9moignages - Chalets Heron\u2019s Nest Cottages | Charlo, NB","isPartOf":{"@id":"https:\/\/heronsnestcottages.com\/#website"},"datePublished":"2020-03-01T11:59:33+00:00","dateModified":"2020-03-09T00:27:32+00:00","breadcrumb":{"@id":"https:\/\/heronsnestcottages.com\/reviews\/#breadcrumb"},"inLanguage":"fr-FR","potentialAction":[{"@type":"ReadAction","target":["https:\/\/heronsnestcottages.com\/reviews\/"]}]},{"@type":"BreadcrumbList","@id":"https:\/\/heronsnestcottages.com\/reviews\/#breadcrumb","itemListElement":[{"@type":"ListItem","position":1,"name":"Home","item":"https:\/\/heronsnestcottages.com\/fr\/"},{"@type":"ListItem","position":2,"name":"T\u00e9moignages"}]},{"@type":"WebSite","@id":"https:\/\/heronsnestcottages.com\/#website","url":"https:\/\/heronsnestcottages.com\/","name":"Chalets Heron\u2019s Nest Cottages | Charlo, NB","description":"Cottage Rentals in New Brunswick","potentialAction":[{"@type":"SearchAction","target":{"@type":"EntryPoint","urlTemplate":"https:\/\/heronsnestcottages.com\/?s={search_term_string}"},"query-input":{"@type":"PropertyValueSpecification","valueRequired":true,"valueName":"search_term_string"}}],"inLanguage":"fr-FR"}]}},"_links":{"self":[{"href":"https:\/\/heronsnestcottages.com\/fr\/wp-json\/wp\/v2\/pages\/2999","targetHints":{"allow":["GET"]}}],"collection":[{"href":"https:\/\/heronsnestcottages.com\/fr\/wp-json\/wp\/v2\/pages"}],"about":[{"href":"https:\/\/heronsnestcottages.com\/fr\/wp-json\/wp\/v2\/types\/page"}],"author":[{"embeddable":true,"href":"https:\/\/heronsnestcottages.com\/fr\/wp-json\/wp\/v2\/users\/13"}],"replies":[{"embeddable":true,"href":"https:\/\/heronsnestcottages.com\/fr\/wp-json\/wp\/v2\/comments?post=2999"}],"version-history":[{"count":0,"href":"https:\/\/heronsnestcottages.com\/fr\/wp-json\/wp\/v2\/pages\/2999\/revisions"}],"wp:attachment":[{"href":"https:\/\/heronsnestcottages.com\/fr\/wp-json\/wp\/v2\/media?parent=2999"}],"curies":[{"name":"wp","href":"https:\/\/api.w.org\/{rel}","templated":true}]}}