{"id":2997,"date":"2020-02-26T11:51:51","date_gmt":"2020-02-26T15:51:51","guid":{"rendered":"http:\/\/heronsnest.cp310.zenu.tech\/package-lodging-snowmobiling-2020\/"},"modified":"2020-03-30T19:48:52","modified_gmt":"2020-03-30T22:48:52","slug":"package-lodging-snowmobiling-2020","status":"publish","type":"page","link":"https:\/\/heronsnestcottages.com\/fr\/package-lodging-snowmobiling-2020\/","title":{"rendered":"Forfait H\u00e9bergement\/ motoneige 2020"},"content":{"rendered":"\n<style type=\"text\/css\" data-created_by=\"avia_inline_auto\" id=\"style-css-av-1y0o35-15f2d9a4b66cdf50b60242084255f369\">\n.avia-section.av-1y0o35-15f2d9a4b66cdf50b60242084255f369 .av-parallax .av-parallax-inner{\nbackground-repeat:no-repeat;\nbackground-image:url(https:\/\/heronsnestcottages.com\/wp-content\/uploads\/2020\/02\/82507794_740951776428713_7662544294007275520_n.jpg);\nbackground-position:50% 50%;\nbackground-attachment:scroll;\n}\n.avia-section.av-1y0o35-15f2d9a4b66cdf50b60242084255f369 .av-section-color-overlay{\nopacity:0.4;\nbackground-color:#000000;\n}\n<\/style>\n<div id='av_section_1'  class='avia-section av-1y0o35-15f2d9a4b66cdf50b60242084255f369 main_color avia-section-large avia-no-border-styling  avia-builder-el-0  el_before_av_three_fifth  avia-builder-el-first  avia-full-stretch av-parallax-section avia-bg-style-parallax av-section-color-overlay-active container_wrap sidebar_right'  data-section-bg-repeat='stretch'><div class='av-parallax' data-avia-parallax-ratio='0.3' ><div class='av-parallax-inner main_color avia-full-stretch'><\/div><\/div><div class=\"av-section-color-overlay-wrap\"><div class=\"av-section-color-overlay\"><\/div><div class='container av-section-cont-open' ><main  role=\"main\" itemprop=\"mainContentOfPage\"  class='template-page content  av-content-small alpha units'><div class='post-entry post-entry-type-page post-entry-2997'><div class='entry-content-wrapper clearfix'>\n\n<style type=\"text\/css\" data-created_by=\"avia_inline_auto\" id=\"style-css-av-k7jq4p4m-3985304399bdd953d105e345b4443534\">\n#top .av-special-heading.av-k7jq4p4m-3985304399bdd953d105e345b4443534{\npadding-bottom:10px;\ncolor:#ffffff;\nfont-size:70px;\n}\nbody .av-special-heading.av-k7jq4p4m-3985304399bdd953d105e345b4443534 .av-special-heading-tag .heading-char{\nfont-size:25px;\n}\n#top #wrap_all .av-special-heading.av-k7jq4p4m-3985304399bdd953d105e345b4443534 .av-special-heading-tag{\nfont-size:70px;\n}\n.av-special-heading.av-k7jq4p4m-3985304399bdd953d105e345b4443534 .special-heading-inner-border{\nborder-color:#ffffff;\n}\n.av-special-heading.av-k7jq4p4m-3985304399bdd953d105e345b4443534 .av-subheading{\nfont-size:15px;\n}\n\n@media only screen and (min-width: 480px) and (max-width: 767px){ \n#top #wrap_all .av-special-heading.av-k7jq4p4m-3985304399bdd953d105e345b4443534 .av-special-heading-tag{\nfont-size:0.8em;\n}\n}\n\n@media only screen and (max-width: 479px){ \n#top #wrap_all .av-special-heading.av-k7jq4p4m-3985304399bdd953d105e345b4443534 .av-special-heading-tag{\nfont-size:0.8em;\n}\n}\n<\/style>\n<div  class='av-special-heading av-k7jq4p4m-3985304399bdd953d105e345b4443534 av-special-heading-h6 custom-color-heading blockquote modern-quote modern-centered  avia-builder-el-1  avia-builder-el-no-sibling  av-inherit-size'><h6 class='av-special-heading-tag '  itemprop=\"headline\"  >Forfait H\u00e9bergement\/ motoneige 2020<\/h6><div class=\"special-heading-border\"><div class=\"special-heading-inner-border\"><\/div><\/div><\/div>\n<\/div><\/div><\/main><!-- close content main element --><\/div><\/div><\/div><div id='after_section_1'  class='main_color av_default_container_wrap container_wrap sidebar_right'  ><div class='container av-section-cont-open' ><div class='template-page content  av-content-small alpha units'><div class='post-entry post-entry-type-page post-entry-2997'><div class='entry-content-wrapper clearfix'>\n\n<style type=\"text\/css\" data-created_by=\"avia_inline_auto\" id=\"style-css-av-6k4kqw-200705fbe281d40fc1cb06816703b2cb\">\n.flex_column.av-6k4kqw-200705fbe281d40fc1cb06816703b2cb{\nborder-radius:0px 0px 0px 0px;\npadding:0px 0px 0px 0px;\n}\n<\/style>\n<div  class='flex_column av-6k4kqw-200705fbe281d40fc1cb06816703b2cb av_three_fifth  avia-builder-el-2  el_after_av_section  el_before_av_two_fifth  avia-builder-el-first  first flex_column_div av-zero-column-padding  '     ><style type=\"text\/css\" data-created_by=\"avia_inline_auto\" id=\"style-css-av-cmnyw-d1143abd09cd668cad9ae266aaedffb5\">\n#top .av_textblock_section.av-cmnyw-d1143abd09cd668cad9ae266aaedffb5 .avia_textblock{\ncolor:#000000;\n}\n<\/style>\n<section  class='av_textblock_section av-cmnyw-d1143abd09cd668cad9ae266aaedffb5 '   itemscope=\"itemscope\" itemtype=\"https:\/\/schema.org\/CreativeWork\" ><div class='avia_textblock av_inherit_color'  itemprop=\"text\" ><p>Forfait H\u00e9bergement\/motoneige du dimanche au jeudi! R\u00e9servez 2 nuits d&rsquo;h\u00e9bergement et 2 jours de location de motoneiges et obtenez la 3i\u00e8me a demi-prix! Pour plus de d\u00e9tails et les disponibilit\u00e9s veuillez contacter la r\u00e9ception des chalets au (506) 684-3766.<\/p>\n<p>N&rsquo;oubliez pas que nous sommes \u00e0 quelques m\u00e8tres de la trail 279 en d\u00e9barquement de la trail 285. Au plaisir de vous accueillir dans notre belle r\u00e9gion du nord du Nouveau-Brunswick!<\/p>\n<\/div><\/section><\/div>\n<style type=\"text\/css\" data-created_by=\"avia_inline_auto\" id=\"style-css-av-2is0u0-f1b662c08d269ff6cb5418f35769e557\">\n.flex_column.av-2is0u0-f1b662c08d269ff6cb5418f35769e557{\nborder-radius:0px 0px 0px 0px;\npadding:0px 0px 0px 0px;\n}\n<\/style>\n<div  class='flex_column av-2is0u0-f1b662c08d269ff6cb5418f35769e557 av_two_fifth  avia-builder-el-4  el_after_av_three_fifth  avia-builder-el-last  flex_column_div av-zero-column-padding  '     ><section  class='av_textblock_section av-cmnyw-a3ba664514722e10aa8e89a6765816e2 '   itemscope=\"itemscope\" itemtype=\"https:\/\/schema.org\/CreativeWork\" ><div class='avia_textblock'  itemprop=\"text\" ><p style=\"text-align: center;\"><a href=\"tel:(506) 987-8171\">(506) 987-8171<\/a><br \/>\n<a href=\"http:\/\/northshoreadventuresnb.com\" target=\"_blank\" rel=\"noopener noreferrer\">northshoreadventuresnb.com<\/a><\/p>\n<\/div><\/section><br \/>\n\n<style type=\"text\/css\" data-created_by=\"avia_inline_auto\" id=\"style-css-av-k73hwmlp-8b02eb9f445e96b5e11d0cbdd014c463\">\n.avia-image-container.av-k73hwmlp-8b02eb9f445e96b5e11d0cbdd014c463 img.avia_image{\nbox-shadow:none;\n}\n.avia-image-container.av-k73hwmlp-8b02eb9f445e96b5e11d0cbdd014c463 .av-image-caption-overlay-center{\ncolor:#ffffff;\n}\n<\/style>\n<div  class='avia-image-container av-k73hwmlp-8b02eb9f445e96b5e11d0cbdd014c463 av-styling- avia-align-center  avia-builder-el-6  el_after_av_textblock  avia-builder-el-last '   itemprop=\"image\" itemscope=\"itemscope\" itemtype=\"https:\/\/schema.org\/ImageObject\" ><div class=\"avia-image-container-inner\"><div class=\"avia-image-overlay-wrap\"><img fetchpriority=\"high\" class='wp-image-2998 avia-img-lazy-loading-not-2998 avia_image ' src='https:\/\/heronsnestcottages.com\/wp-content\/uploads\/2020\/02\/Screen-Shot-2020-02-26-at-11.48.28-AM.png' alt='' title='Screen Shot 2020-02-26 at 11.48.28 AM'  height=\"584\" width=\"442\"  itemprop=\"thumbnailUrl\"  \/><\/div><\/div><\/div><\/p><\/div><\/p>\n","protected":false},"excerpt":{"rendered":"","protected":false},"author":13,"featured_media":0,"parent":0,"menu_order":0,"comment_status":"closed","ping_status":"closed","template":"","meta":{"footnotes":""},"class_list":["post-2997","page","type-page","status-publish","hentry"],"yoast_head":"<!-- This site is optimized with the Yoast SEO Premium plugin v27.2 (Yoast SEO v27.2) - https:\/\/yoast.com\/product\/yoast-seo-premium-wordpress\/ -->\n<title>Forfait H\u00e9bergement\/ motoneige 2020 - Chalets Heron\u2019s Nest Cottages | Charlo, NB<\/title>\n<meta name=\"robots\" content=\"index, follow, max-snippet:-1, max-image-preview:large, max-video-preview:-1\" \/>\n<link rel=\"canonical\" href=\"https:\/\/heronsnestcottages.com\/package-lodging-snowmobiling-2020\/\" \/>\n<meta property=\"og:locale\" content=\"fr_FR\" \/>\n<meta property=\"og:type\" content=\"article\" \/>\n<meta property=\"og:title\" content=\"Forfait H\u00e9bergement\/ motoneige 2020\" \/>\n<meta property=\"og:url\" content=\"https:\/\/heronsnestcottages.com\/package-lodging-snowmobiling-2020\/\" \/>\n<meta property=\"og:site_name\" content=\"Chalets Heron\u2019s Nest Cottages | Charlo, NB\" \/>\n<meta property=\"article:modified_time\" content=\"2020-03-30T22:48:52+00:00\" \/>\n<meta name=\"twitter:card\" content=\"summary_large_image\" \/>\n<meta name=\"twitter:label1\" content=\"Dur\u00e9e de lecture estim\u00e9e\" \/>\n\t<meta name=\"twitter:data1\" content=\"3 minutes\" \/>\n<script type=\"application\/ld+json\" class=\"yoast-schema-graph\">{\"@context\":\"https:\/\/schema.org\",\"@graph\":[{\"@type\":\"WebPage\",\"@id\":\"https:\/\/heronsnestcottages.com\/package-lodging-snowmobiling-2020\/\",\"url\":\"https:\/\/heronsnestcottages.com\/package-lodging-snowmobiling-2020\/\",\"name\":\"Forfait H\u00e9bergement\/ motoneige 2020 - Chalets Heron\u2019s Nest Cottages | Charlo, NB\",\"isPartOf\":{\"@id\":\"https:\/\/heronsnestcottages.com\/#website\"},\"datePublished\":\"2020-02-26T15:51:51+00:00\",\"dateModified\":\"2020-03-30T22:48:52+00:00\",\"breadcrumb\":{\"@id\":\"https:\/\/heronsnestcottages.com\/package-lodging-snowmobiling-2020\/#breadcrumb\"},\"inLanguage\":\"fr-FR\",\"potentialAction\":[{\"@type\":\"ReadAction\",\"target\":[\"https:\/\/heronsnestcottages.com\/package-lodging-snowmobiling-2020\/\"]}]},{\"@type\":\"BreadcrumbList\",\"@id\":\"https:\/\/heronsnestcottages.com\/package-lodging-snowmobiling-2020\/#breadcrumb\",\"itemListElement\":[{\"@type\":\"ListItem\",\"position\":1,\"name\":\"Home\",\"item\":\"https:\/\/heronsnestcottages.com\/fr\/\"},{\"@type\":\"ListItem\",\"position\":2,\"name\":\"Forfait H\u00e9bergement\/ motoneige 2020\"}]},{\"@type\":\"WebSite\",\"@id\":\"https:\/\/heronsnestcottages.com\/#website\",\"url\":\"https:\/\/heronsnestcottages.com\/\",\"name\":\"Chalets Heron\u2019s Nest Cottages | Charlo, NB\",\"description\":\"Cottage Rentals in New Brunswick\",\"potentialAction\":[{\"@type\":\"SearchAction\",\"target\":{\"@type\":\"EntryPoint\",\"urlTemplate\":\"https:\/\/heronsnestcottages.com\/?s={search_term_string}\"},\"query-input\":{\"@type\":\"PropertyValueSpecification\",\"valueRequired\":true,\"valueName\":\"search_term_string\"}}],\"inLanguage\":\"fr-FR\"}]}<\/script>\n<!-- \/ Yoast SEO Premium plugin. -->","yoast_head_json":{"title":"Forfait H\u00e9bergement\/ motoneige 2020 - Chalets Heron\u2019s Nest Cottages | Charlo, NB","robots":{"index":"index","follow":"follow","max-snippet":"max-snippet:-1","max-image-preview":"max-image-preview:large","max-video-preview":"max-video-preview:-1"},"canonical":"https:\/\/heronsnestcottages.com\/package-lodging-snowmobiling-2020\/","og_locale":"fr_FR","og_type":"article","og_title":"Forfait H\u00e9bergement\/ motoneige 2020","og_url":"https:\/\/heronsnestcottages.com\/package-lodging-snowmobiling-2020\/","og_site_name":"Chalets Heron\u2019s Nest Cottages | Charlo, NB","article_modified_time":"2020-03-30T22:48:52+00:00","twitter_card":"summary_large_image","twitter_misc":{"Dur\u00e9e de lecture estim\u00e9e":"3 minutes"},"schema":{"@context":"https:\/\/schema.org","@graph":[{"@type":"WebPage","@id":"https:\/\/heronsnestcottages.com\/package-lodging-snowmobiling-2020\/","url":"https:\/\/heronsnestcottages.com\/package-lodging-snowmobiling-2020\/","name":"Forfait H\u00e9bergement\/ motoneige 2020 - Chalets Heron\u2019s Nest Cottages | Charlo, NB","isPartOf":{"@id":"https:\/\/heronsnestcottages.com\/#website"},"datePublished":"2020-02-26T15:51:51+00:00","dateModified":"2020-03-30T22:48:52+00:00","breadcrumb":{"@id":"https:\/\/heronsnestcottages.com\/package-lodging-snowmobiling-2020\/#breadcrumb"},"inLanguage":"fr-FR","potentialAction":[{"@type":"ReadAction","target":["https:\/\/heronsnestcottages.com\/package-lodging-snowmobiling-2020\/"]}]},{"@type":"BreadcrumbList","@id":"https:\/\/heronsnestcottages.com\/package-lodging-snowmobiling-2020\/#breadcrumb","itemListElement":[{"@type":"ListItem","position":1,"name":"Home","item":"https:\/\/heronsnestcottages.com\/fr\/"},{"@type":"ListItem","position":2,"name":"Forfait H\u00e9bergement\/ motoneige 2020"}]},{"@type":"WebSite","@id":"https:\/\/heronsnestcottages.com\/#website","url":"https:\/\/heronsnestcottages.com\/","name":"Chalets Heron\u2019s Nest Cottages | Charlo, NB","description":"Cottage Rentals in New Brunswick","potentialAction":[{"@type":"SearchAction","target":{"@type":"EntryPoint","urlTemplate":"https:\/\/heronsnestcottages.com\/?s={search_term_string}"},"query-input":{"@type":"PropertyValueSpecification","valueRequired":true,"valueName":"search_term_string"}}],"inLanguage":"fr-FR"}]}},"_links":{"self":[{"href":"https:\/\/heronsnestcottages.com\/fr\/wp-json\/wp\/v2\/pages\/2997","targetHints":{"allow":["GET"]}}],"collection":[{"href":"https:\/\/heronsnestcottages.com\/fr\/wp-json\/wp\/v2\/pages"}],"about":[{"href":"https:\/\/heronsnestcottages.com\/fr\/wp-json\/wp\/v2\/types\/page"}],"author":[{"embeddable":true,"href":"https:\/\/heronsnestcottages.com\/fr\/wp-json\/wp\/v2\/users\/13"}],"replies":[{"embeddable":true,"href":"https:\/\/heronsnestcottages.com\/fr\/wp-json\/wp\/v2\/comments?post=2997"}],"version-history":[{"count":0,"href":"https:\/\/heronsnestcottages.com\/fr\/wp-json\/wp\/v2\/pages\/2997\/revisions"}],"wp:attachment":[{"href":"https:\/\/heronsnestcottages.com\/fr\/wp-json\/wp\/v2\/media?parent=2997"}],"curies":[{"name":"wp","href":"https:\/\/api.w.org\/{rel}","templated":true}]}}