{"id":2992,"date":"2020-02-22T22:00:45","date_gmt":"2020-02-23T02:00:45","guid":{"rendered":"http:\/\/heronsnest.cp310.zenu.tech\/frequently-asked-questions\/"},"modified":"2020-07-31T11:19:37","modified_gmt":"2020-07-31T14:19:37","slug":"frequently-asked-questions","status":"publish","type":"page","link":"https:\/\/heronsnestcottages.com\/fr\/frequently-asked-questions\/","title":{"rendered":"Foire aux questions"},"content":{"rendered":"\n<style type=\"text\/css\" data-created_by=\"avia_inline_auto\" id=\"style-css-av-kdabahsc-9114d9a015f6122996baa49a03bfb4a6\">\n#top .av-special-heading.av-kdabahsc-9114d9a015f6122996baa49a03bfb4a6{\npadding-bottom:10px;\n}\nbody .av-special-heading.av-kdabahsc-9114d9a015f6122996baa49a03bfb4a6 .av-special-heading-tag .heading-char{\nfont-size:25px;\n}\n.av-special-heading.av-kdabahsc-9114d9a015f6122996baa49a03bfb4a6 .av-subheading{\nfont-size:15px;\n}\n<\/style>\n<div  class='av-special-heading av-kdabahsc-9114d9a015f6122996baa49a03bfb4a6 av-special-heading-h3  avia-builder-el-0  el_before_av_toggle_container  avia-builder-el-first '><h3 class='av-special-heading-tag '  itemprop=\"headline\"  >Foire aux questions<\/h3><div class=\"special-heading-border\"><div class=\"special-heading-inner-border\"><\/div><\/div><\/div>\n<div  class='togglecontainer av-k6ye7k6d-926c758465782587f2c63933fb6a1e38  avia-builder-el-1  el_after_av_heading  avia-builder-el-last  toggle_close_all' >\n<section class='av_toggle_section av-av_toggle-604ee7dd382351d6539f65ee8e4e6e14'  itemscope=\"itemscope\" itemtype=\"https:\/\/schema.org\/CreativeWork\" ><div role=\"tablist\" class=\"single_toggle\" data-tags=\"{Tout} \"  ><p id='toggle-toggle-id-1' data-fake-id='#toggle-id-1' class='toggler  activeTitle av-title-above '  itemprop=\"headline\"  role='tab' tabindex='0' aria-controls='toggle-id-1' data-slide-speed=\"200\" data-title=\"Quelles sont vos heures d\u2019arriv\u00e9e et de d\u00e9part ?\" data-title-open=\"\" data-aria_collapsed=\"Cliquez pour \u00e9tendre : Quelles sont vos heures d\u2019arriv\u00e9e et de d\u00e9part ?\" data-aria_expanded=\"Cliquez pour r\u00e9duire : Quelles sont vos heures d\u2019arriv\u00e9e et de d\u00e9part ?\">Quelles sont vos heures d\u2019arriv\u00e9e et de d\u00e9part ?<span class=\"toggle_icon\"><span class=\"vert_icon\"><\/span><span class=\"hor_icon\"><\/span><\/span><\/p><div id='toggle-id-1' aria-labelledby='toggle-toggle-id-1' role='region' class='toggle_wrap  active_tc av-title-above' style='display:block;' ><div class='toggle_content invers-color '  itemprop=\"text\" ><p>Nous garantissons acc\u00e8s \u00e0 votre chalet pour 16h et l&rsquo;heure de d\u00e9part est de 10h.<\/p>\n<\/div><\/div><\/div><\/section>\n<section class='av_toggle_section av-lrrxww-9977f937400aff0109edc3249bbb751c'  itemscope=\"itemscope\" itemtype=\"https:\/\/schema.org\/CreativeWork\" ><div role=\"tablist\" class=\"single_toggle\" data-tags=\"{Tout} \"  ><p id='toggle-toggle-id-2' data-fake-id='#toggle-id-2' class='toggler  av-title-above '  itemprop=\"headline\"  role='tab' tabindex='0' aria-controls='toggle-id-2' data-slide-speed=\"200\" data-title=\"Y a-t-il un BBQ au chalet?\" data-title-open=\"\" data-aria_collapsed=\"Cliquez pour \u00e9tendre : Y a-t-il un BBQ au chalet?\" data-aria_expanded=\"Cliquez pour r\u00e9duire : Y a-t-il un BBQ au chalet?\">Y a-t-il un BBQ au chalet?<span class=\"toggle_icon\"><span class=\"vert_icon\"><\/span><span class=\"hor_icon\"><\/span><\/span><\/p><div id='toggle-id-2' aria-labelledby='toggle-toggle-id-2' role='region' class='toggle_wrap  av-title-above'  ><div class='toggle_content invers-color '  itemprop=\"text\" ><p>De la mi-avril \u00e0 la mi-octobre nous louons les BBQ avec la bonbonne de propane pour 10$.<\/p>\n<\/div><\/div><\/div><\/section>\n<section class='av_toggle_section av-kxcwm8-ca6bcf124f85181c7b93ab0c1b44e145'  itemscope=\"itemscope\" itemtype=\"https:\/\/schema.org\/CreativeWork\" ><div role=\"tablist\" class=\"single_toggle\" data-tags=\"{Tout} \"  ><p id='toggle-toggle-id-3' data-fake-id='#toggle-id-3' class='toggler  av-title-above '  itemprop=\"headline\"  role='tab' tabindex='0' aria-controls='toggle-id-3' data-slide-speed=\"200\" data-title=\"Qu\u2019est ce qu\u2019il y a dans la cuisine?\" data-title-open=\"\" data-aria_collapsed=\"Cliquez pour \u00e9tendre : Qu\u2019est ce qu\u2019il y a dans la cuisine?\" data-aria_expanded=\"Cliquez pour r\u00e9duire : Qu\u2019est ce qu\u2019il y a dans la cuisine?\">Qu\u2019est ce qu\u2019il y a dans la cuisine?<span class=\"toggle_icon\"><span class=\"vert_icon\"><\/span><span class=\"hor_icon\"><\/span><\/span><\/p><div id='toggle-id-3' aria-labelledby='toggle-toggle-id-3' role='region' class='toggle_wrap  av-title-above'  ><div class='toggle_content invers-color '  itemprop=\"text\" ><p>La cuisine est \u00e9quip\u00e9e pour la pr\u00e9paration de repas complets.\u00a0\u00a0Vous y trouvez\u00a0: r\u00e9frig\u00e9rateur, cuisini\u00e8re, four micro-onde, grille-pain, cafeti\u00e8re, casseroles, vaisselle, ustensiles, savon \u00e0 vaisselle, linge \u00e0 vaisselle et plus.<\/p>\n<\/div><\/div><\/div><\/section>\n<section class='av_toggle_section av-jg31eo-821d26f8428e823f6ccc5fb0cacb8a30'  itemscope=\"itemscope\" itemtype=\"https:\/\/schema.org\/CreativeWork\" ><div role=\"tablist\" class=\"single_toggle\" data-tags=\"{Tout} \"  ><p id='toggle-toggle-id-4' data-fake-id='#toggle-id-4' class='toggler  av-title-above '  itemprop=\"headline\"  role='tab' tabindex='0' aria-controls='toggle-id-4' data-slide-speed=\"200\" data-title=\"Est-ce que la literie est comprise?\" data-title-open=\"\" data-aria_collapsed=\"Cliquez pour \u00e9tendre : Est-ce que la literie est comprise?\" data-aria_expanded=\"Cliquez pour r\u00e9duire : Est-ce que la literie est comprise?\">Est-ce que la literie est comprise?<span class=\"toggle_icon\"><span class=\"vert_icon\"><\/span><span class=\"hor_icon\"><\/span><\/span><\/p><div id='toggle-id-4' aria-labelledby='toggle-toggle-id-4' role='region' class='toggle_wrap  av-title-above'  ><div class='toggle_content invers-color '  itemprop=\"text\" ><p>Oui, la literie est comprise (draps, couvertures, oreillers, serviettes)<\/p>\n<\/div><\/div><\/div><\/section>\n<section class='av_toggle_section av-gr1lio-b040608e7959647ab70bcdb9cd7c9e86'  itemscope=\"itemscope\" itemtype=\"https:\/\/schema.org\/CreativeWork\" ><div role=\"tablist\" class=\"single_toggle\" data-tags=\"{Tout} \"  ><p id='toggle-toggle-id-5' data-fake-id='#toggle-id-5' class='toggler  av-title-above '  itemprop=\"headline\"  role='tab' tabindex='0' aria-controls='toggle-id-5' data-slide-speed=\"200\" data-title=\"Pouvons-nous faire des feux dehors?\" data-title-open=\"\" data-aria_collapsed=\"Cliquez pour \u00e9tendre : Pouvons-nous faire des feux dehors?\" data-aria_expanded=\"Cliquez pour r\u00e9duire : Pouvons-nous faire des feux dehors?\">Pouvons-nous faire des feux dehors?<span class=\"toggle_icon\"><span class=\"vert_icon\"><\/span><span class=\"hor_icon\"><\/span><\/span><\/p><div id='toggle-id-5' aria-labelledby='toggle-toggle-id-5' role='region' class='toggle_wrap  av-title-above'  ><div class='toggle_content invers-color '  itemprop=\"text\" ><p>Nous avons une place sur site pour faire des feux et le bois vous est fourni gratuitement. Vous pouvez\u00a0 \u00e9galement faire des feux sur la plage.<\/p>\n<\/div><\/div><\/div><\/section>\n<section class='av_toggle_section av-fvaz9c-64d1a7ddd2d6d9cb492df91df2163683'  itemscope=\"itemscope\" itemtype=\"https:\/\/schema.org\/CreativeWork\" ><div role=\"tablist\" class=\"single_toggle\" data-tags=\"{Tout} \"  ><p id='toggle-toggle-id-6' data-fake-id='#toggle-id-6' class='toggler  av-title-above '  itemprop=\"headline\"  role='tab' tabindex='0' aria-controls='toggle-id-6' data-slide-speed=\"200\" data-title=\"Pouvons-nous nous baigner dans la mer?\" data-title-open=\"\" data-aria_collapsed=\"Cliquez pour \u00e9tendre : Pouvons-nous nous baigner dans la mer?\" data-aria_expanded=\"Cliquez pour r\u00e9duire : Pouvons-nous nous baigner dans la mer?\">Pouvons-nous nous baigner dans la mer?<span class=\"toggle_icon\"><span class=\"vert_icon\"><\/span><span class=\"hor_icon\"><\/span><\/span><\/p><div id='toggle-id-6' aria-labelledby='toggle-toggle-id-6' role='region' class='toggle_wrap  av-title-above'  ><div class='toggle_content invers-color '  itemprop=\"text\" ><p>Oui, absolument.\u00a0\u00a0Nous sommes directement en face de la plage publique et la plage est nettoy\u00e9e \u00e0 tous les matins pour enlever les d\u00e9bris laiss\u00e9s par les mar\u00e9es.\u00a0\u00a0Il y a quand m\u00eame des petits cailloux mais l\u2019eau est propre.\u00a0\u00a0La plage n\u2019est pas supervis\u00e9e.<\/p>\n<\/div><\/div><\/div><\/section>\n<section class='av_toggle_section av-emq974-8f37c4e39248d7c79a138df79837fa1a'  itemscope=\"itemscope\" itemtype=\"https:\/\/schema.org\/CreativeWork\" ><div role=\"tablist\" class=\"single_toggle\" data-tags=\"{Tout} \"  ><p id='toggle-toggle-id-7' data-fake-id='#toggle-id-7' class='toggler  av-title-above '  itemprop=\"headline\"  role='tab' tabindex='0' aria-controls='toggle-id-7' data-slide-speed=\"200\" data-title=\"Y a-t-il un terrain de jeux pour les enfants?\" data-title-open=\"\" data-aria_collapsed=\"Cliquez pour \u00e9tendre : Y a-t-il un terrain de jeux pour les enfants?\" data-aria_expanded=\"Cliquez pour r\u00e9duire : Y a-t-il un terrain de jeux pour les enfants?\">Y a-t-il un terrain de jeux pour les enfants?<span class=\"toggle_icon\"><span class=\"vert_icon\"><\/span><span class=\"hor_icon\"><\/span><\/span><\/p><div id='toggle-id-7' aria-labelledby='toggle-toggle-id-7' role='region' class='toggle_wrap  av-title-above'  ><div class='toggle_content invers-color '  itemprop=\"text\" ><p>Oui, il y a un terrain de jeux pour les enfants sur le site des chalets et il y en a un aussi un plus grand \u00e0 la plage en face.<\/p>\n<\/div><\/div><\/div><\/section>\n<section class='av_toggle_section av-cg9r3k-5cd6f151383a29a4ea7e1a5f0479908c'  itemscope=\"itemscope\" itemtype=\"https:\/\/schema.org\/CreativeWork\" ><div role=\"tablist\" class=\"single_toggle\" data-tags=\"{Tout} \"  ><p id='toggle-toggle-id-8' data-fake-id='#toggle-id-8' class='toggler  av-title-above '  itemprop=\"headline\"  role='tab' tabindex='0' aria-controls='toggle-id-8' data-slide-speed=\"200\" data-title=\"Avez-vous des pistes pour faire du v\u00e9lo et de la marche?\" data-title-open=\"\" data-aria_collapsed=\"Cliquez pour \u00e9tendre : Avez-vous des pistes pour faire du v\u00e9lo et de la marche?\" data-aria_expanded=\"Cliquez pour r\u00e9duire : Avez-vous des pistes pour faire du v\u00e9lo et de la marche?\">Avez-vous des pistes pour faire du v\u00e9lo et de la marche?<span class=\"toggle_icon\"><span class=\"vert_icon\"><\/span><span class=\"hor_icon\"><\/span><\/span><\/p><div id='toggle-id-8' aria-labelledby='toggle-toggle-id-8' role='region' class='toggle_wrap  av-title-above'  ><div class='toggle_content invers-color '  itemprop=\"text\" ><p>Les sentiers Nouveau-Brunswick passent directement sur notre site alors vous avez acc\u00e8s \u00e0 une vingtaine de kilom\u00e8tres de sentiers pour le v\u00e9lo et la marche.\u00a0\u00a0Si vous aimez faire du v\u00e9lo de montagnes, vous trouverez des pistes de descente et un remonte-pente au Mont Sugarloaf \u00e0 25 km de nos chalets. Pour la marche, il y a plusieurs de dizaines de kilom\u00e8tres sur la plage aussi!<\/p>\n<\/div><\/div><\/div><\/section>\n<section class='av_toggle_section av-asoovk-ba82f73ea53f2981580136f2b76b435b'  itemscope=\"itemscope\" itemtype=\"https:\/\/schema.org\/CreativeWork\" ><div role=\"tablist\" class=\"single_toggle\" data-tags=\"{Tout} \"  ><p id='toggle-toggle-id-9' data-fake-id='#toggle-id-9' class='toggler  av-title-above '  itemprop=\"headline\"  role='tab' tabindex='0' aria-controls='toggle-id-9' data-slide-speed=\"200\" data-title=\"Est-ce que nous pouvons voir des h\u00e9rons sur votre site?\" data-title-open=\"\" data-aria_collapsed=\"Cliquez pour \u00e9tendre : Est-ce que nous pouvons voir des h\u00e9rons sur votre site?\" data-aria_expanded=\"Cliquez pour r\u00e9duire : Est-ce que nous pouvons voir des h\u00e9rons sur votre site?\">Est-ce que nous pouvons voir des h\u00e9rons sur votre site?<span class=\"toggle_icon\"><span class=\"vert_icon\"><\/span><span class=\"hor_icon\"><\/span><\/span><\/p><div id='toggle-id-9' aria-labelledby='toggle-toggle-id-9' role='region' class='toggle_wrap  av-title-above'  ><div class='toggle_content invers-color '  itemprop=\"text\" ><p>Malheureusement il n\u2019y a pas d\u2019h\u00e9rons qui s\u00e9journent directement sur notre site mais \u00e0 moins de 5 minutes de marche, vous pouvez en voir plusieurs.\u00a0\u00a0Il y a plusieurs dizaines d&rsquo;esp\u00e8ces d\u2019oiseaux qui peuvent \u00eatre trouv\u00e9s \u00e0 proximit\u00e9 des\u00a0chalets.<\/p>\n<\/div><\/div><\/div><\/section>\n<section class='av_toggle_section av-8pli28-d0ce6f8e7650bc4edc0711c48fd06f1f'  itemscope=\"itemscope\" itemtype=\"https:\/\/schema.org\/CreativeWork\" ><div role=\"tablist\" class=\"single_toggle\" data-tags=\"{Tout} \"  ><p id='toggle-toggle-id-10' data-fake-id='#toggle-id-10' class='toggler  av-title-above '  itemprop=\"headline\"  role='tab' tabindex='0' aria-controls='toggle-id-10' data-slide-speed=\"200\" data-title=\"Quelle est la temp\u00e9rature de l\u2019eau de la Baie des Chaleurs?\" data-title-open=\"\" data-aria_collapsed=\"Cliquez pour \u00e9tendre : Quelle est la temp\u00e9rature de l\u2019eau de la Baie des Chaleurs?\" data-aria_expanded=\"Cliquez pour r\u00e9duire : Quelle est la temp\u00e9rature de l\u2019eau de la Baie des Chaleurs?\">Quelle est la temp\u00e9rature de l\u2019eau de la Baie des Chaleurs?<span class=\"toggle_icon\"><span class=\"vert_icon\"><\/span><span class=\"hor_icon\"><\/span><\/span><\/p><div id='toggle-id-10' aria-labelledby='toggle-toggle-id-10' role='region' class='toggle_wrap  av-title-above'  ><div class='toggle_content invers-color '  itemprop=\"text\" ><p>Pendant les mois d\u2019\u00e9t\u00e9, juillet et ao\u00fbt, la temp\u00e9rature varie entre 16 et 22 degr\u00e9s celcius.\u00a0\u00a0La date de la fonte des neiges et le soleil que nous recevons au printemps influence grandement la temp\u00e9rature de l\u2019eau.<\/p>\n<\/div><\/div><\/div><\/section>\n<section class='av_toggle_section av-2t8a8-52be299090c08d2d6aee9a81fd48b600'  itemscope=\"itemscope\" itemtype=\"https:\/\/schema.org\/CreativeWork\" ><div role=\"tablist\" class=\"single_toggle\" data-tags=\"{Tout} \"  ><p id='toggle-toggle-id-11' data-fake-id='#toggle-id-11' class='toggler  av-title-above '  itemprop=\"headline\"  role='tab' tabindex='0' aria-controls='toggle-id-11' data-slide-speed=\"200\" data-title=\"En cas de pluie, y a-t-il des activit\u00e9s \u00e0 faire dans la r\u00e9gion?\" data-title-open=\"\" data-aria_collapsed=\"Cliquez pour \u00e9tendre : En cas de pluie, y a-t-il des activit\u00e9s \u00e0 faire dans la r\u00e9gion?\" data-aria_expanded=\"Cliquez pour r\u00e9duire : En cas de pluie, y a-t-il des activit\u00e9s \u00e0 faire dans la r\u00e9gion?\">En cas de pluie, y a-t-il des activit\u00e9s \u00e0 faire dans la r\u00e9gion?<span class=\"toggle_icon\"><span class=\"vert_icon\"><\/span><span class=\"hor_icon\"><\/span><\/span><\/p><div id='toggle-id-11' aria-labelledby='toggle-toggle-id-11' role='region' class='toggle_wrap  av-title-above'  ><div class='toggle_content invers-color '  itemprop=\"text\" ><p>Vous trouverez dans votre chalet une liste de toutes les activit\u00e9s \u00e0 faire dans la r\u00e9gion en cas de pluie avec les num\u00e9ros de t\u00e9l\u00e9phone et les prix.\u00a0\u00a0Entre autres, nous offrons gratuitement une s\u00e9lection de films, de jeux de soci\u00e9t\u00e9, de livres et de revues.\u00a0\u00a0De plus, il y a des piscines int\u00e9rieures, un cin\u00e9ma, des centres d&rsquo;achats, des biblioth\u00e8ques, des mus\u00e9es et des salles de quilles \u00e0 proximit\u00e9 des chalets.<\/p>\n<\/div><\/div><\/div><\/section>\n<section class='av_toggle_section av-54sl1s-5cd6e6e1f3481c6516dadd85b7593117'  itemscope=\"itemscope\" itemtype=\"https:\/\/schema.org\/CreativeWork\" ><div role=\"tablist\" class=\"single_toggle\" data-tags=\"{Tout} \"  ><p id='toggle-toggle-id-12' data-fake-id='#toggle-id-12' class='toggler  av-title-above '  itemprop=\"headline\"  role='tab' tabindex='0' aria-controls='toggle-id-12' data-slide-speed=\"200\" data-title=\"Acceptez-vous des animaux de compagnie?\" data-title-open=\"\" data-aria_collapsed=\"Cliquez pour \u00e9tendre : Acceptez-vous des animaux de compagnie?\" data-aria_expanded=\"Cliquez pour r\u00e9duire : Acceptez-vous des animaux de compagnie?\">Acceptez-vous des animaux de compagnie?<span class=\"toggle_icon\"><span class=\"vert_icon\"><\/span><span class=\"hor_icon\"><\/span><\/span><\/p><div id='toggle-id-12' aria-labelledby='toggle-toggle-id-12' role='region' class='toggle_wrap  av-title-above'  ><div class='toggle_content invers-color '  itemprop=\"text\" ><p>Nous acceptons des animaux de compagnies\u00a0dans certains chalets.\u00a0\u00a0Vous devez nous le mentionner au moment de faire votre r\u00e9servation et il y a un co\u00fbt de 25$ pour le s\u00e9jour de votre animal de compagnie afin de couvrir les frais additionnels de m\u00e9nage.<\/p>\n<\/div><\/div><\/div><\/section>\n<section class='av_toggle_section av-4036f4-9c4505ea2e9201fe19d116bff7a314ea'  itemscope=\"itemscope\" itemtype=\"https:\/\/schema.org\/CreativeWork\" ><div role=\"tablist\" class=\"single_toggle\" data-tags=\"{Tout} \"  ><p id='toggle-toggle-id-13' data-fake-id='#toggle-id-13' class='toggler  av-title-above '  itemprop=\"headline\"  role='tab' tabindex='0' aria-controls='toggle-id-13' data-slide-speed=\"200\" data-title=\"Ou exactement sont situ\u00e9s vos chalets?\" data-title-open=\"\" data-aria_collapsed=\"Cliquez pour \u00e9tendre : Ou exactement sont situ\u00e9s vos chalets?\" data-aria_expanded=\"Cliquez pour r\u00e9duire : Ou exactement sont situ\u00e9s vos chalets?\">Ou exactement sont situ\u00e9s vos chalets?<span class=\"toggle_icon\"><span class=\"vert_icon\"><\/span><span class=\"hor_icon\"><\/span><\/span><\/p><div id='toggle-id-13' aria-labelledby='toggle-toggle-id-13' role='region' class='toggle_wrap  av-title-above'  ><div class='toggle_content invers-color '  itemprop=\"text\" ><p>Nos chalets sont situ\u00e9s dans le nord-est du Nouveau Brunswick entre Campbellton et Bathurst.\u00a0\u00a0Nous sommes \u00e0 6 heures de la ville de Qu\u00e9bec, 2 heures de Rimouski et 3 heures de Moncton.<\/p>\n<\/div><\/div><\/div><\/section>\n<section class='av_toggle_section av-2u31ow-f05e58e5076aa8c0fd357383768e84e9'  itemscope=\"itemscope\" itemtype=\"https:\/\/schema.org\/CreativeWork\" ><div role=\"tablist\" class=\"single_toggle\" data-tags=\"{Tout} \"  ><p id='toggle-toggle-id-14' data-fake-id='#toggle-id-14' class='toggler  av-title-above '  itemprop=\"headline\"  role='tab' tabindex='0' aria-controls='toggle-id-14' data-slide-speed=\"200\" data-title=\"Est-ce que tous les chalets sont identiques?\" data-title-open=\"\" data-aria_collapsed=\"Cliquez pour \u00e9tendre : Est-ce que tous les chalets sont identiques?\" data-aria_expanded=\"Cliquez pour r\u00e9duire : Est-ce que tous les chalets sont identiques?\">Est-ce que tous les chalets sont identiques?<span class=\"toggle_icon\"><span class=\"vert_icon\"><\/span><span class=\"hor_icon\"><\/span><\/span><\/p><div id='toggle-id-14' aria-labelledby='toggle-toggle-id-14' role='region' class='toggle_wrap  av-title-above'  ><div class='toggle_content invers-color '  itemprop=\"text\" ><p>Non. Nous avons 4 mod\u00e8les de chalets et des variations \u00e0 l\u2019int\u00e9rieur de chaque mod\u00e8le.\u00a0\u00a0Nous avons des chalets de 2 ou 3 chambres \u00e0 coucher qui ont 2, 3 ou 4 lits.\u00a0\u00a0Lorsque vous t\u00e9l\u00e9phonez pour faire votre r\u00e9servation, il est important de mentionner vos besoins et le nombre de personnes que vous allez \u00eatre. Nous pourrons identifier le meilleur chalet pour vous.<\/p>\n<\/div><\/div><\/div><\/section>\n<\/div>\n","protected":false},"excerpt":{"rendered":"","protected":false},"author":13,"featured_media":0,"parent":0,"menu_order":0,"comment_status":"closed","ping_status":"closed","template":"","meta":{"footnotes":""},"class_list":["post-2992","page","type-page","status-publish","hentry"],"yoast_head":"<!-- This site is optimized with the Yoast SEO Premium plugin v27.2 (Yoast SEO v27.2) - https:\/\/yoast.com\/product\/yoast-seo-premium-wordpress\/ -->\n<title>Foire aux questions - Chalets Heron\u2019s Nest Cottages | Charlo, NB<\/title>\n<meta name=\"robots\" content=\"index, follow, max-snippet:-1, max-image-preview:large, max-video-preview:-1\" \/>\n<link rel=\"canonical\" href=\"https:\/\/heronsnestcottages.com\/frequently-asked-questions\/\" \/>\n<meta property=\"og:locale\" content=\"fr_FR\" \/>\n<meta property=\"og:type\" content=\"article\" \/>\n<meta property=\"og:title\" content=\"Foire aux questions\" \/>\n<meta property=\"og:url\" content=\"https:\/\/heronsnestcottages.com\/frequently-asked-questions\/\" \/>\n<meta property=\"og:site_name\" content=\"Chalets Heron\u2019s Nest Cottages | Charlo, NB\" \/>\n<meta property=\"article:modified_time\" content=\"2020-07-31T14:19:37+00:00\" \/>\n<meta name=\"twitter:card\" content=\"summary_large_image\" \/>\n<meta name=\"twitter:label1\" content=\"Dur\u00e9e de lecture estim\u00e9e\" \/>\n\t<meta name=\"twitter:data1\" content=\"5 minutes\" \/>\n<script type=\"application\/ld+json\" class=\"yoast-schema-graph\">{\"@context\":\"https:\/\/schema.org\",\"@graph\":[{\"@type\":\"WebPage\",\"@id\":\"https:\/\/heronsnestcottages.com\/frequently-asked-questions\/\",\"url\":\"https:\/\/heronsnestcottages.com\/frequently-asked-questions\/\",\"name\":\"Foire aux questions - Chalets Heron\u2019s Nest Cottages | Charlo, NB\",\"isPartOf\":{\"@id\":\"https:\/\/heronsnestcottages.com\/#website\"},\"datePublished\":\"2020-02-23T02:00:45+00:00\",\"dateModified\":\"2020-07-31T14:19:37+00:00\",\"breadcrumb\":{\"@id\":\"https:\/\/heronsnestcottages.com\/frequently-asked-questions\/#breadcrumb\"},\"inLanguage\":\"fr-FR\",\"potentialAction\":[{\"@type\":\"ReadAction\",\"target\":[\"https:\/\/heronsnestcottages.com\/frequently-asked-questions\/\"]}]},{\"@type\":\"BreadcrumbList\",\"@id\":\"https:\/\/heronsnestcottages.com\/frequently-asked-questions\/#breadcrumb\",\"itemListElement\":[{\"@type\":\"ListItem\",\"position\":1,\"name\":\"Home\",\"item\":\"https:\/\/heronsnestcottages.com\/fr\/\"},{\"@type\":\"ListItem\",\"position\":2,\"name\":\"Foire aux questions\"}]},{\"@type\":\"WebSite\",\"@id\":\"https:\/\/heronsnestcottages.com\/#website\",\"url\":\"https:\/\/heronsnestcottages.com\/\",\"name\":\"Chalets Heron\u2019s Nest Cottages | Charlo, NB\",\"description\":\"Cottage Rentals in New Brunswick\",\"potentialAction\":[{\"@type\":\"SearchAction\",\"target\":{\"@type\":\"EntryPoint\",\"urlTemplate\":\"https:\/\/heronsnestcottages.com\/?s={search_term_string}\"},\"query-input\":{\"@type\":\"PropertyValueSpecification\",\"valueRequired\":true,\"valueName\":\"search_term_string\"}}],\"inLanguage\":\"fr-FR\"}]}<\/script>\n<!-- \/ Yoast SEO Premium plugin. -->","yoast_head_json":{"title":"Foire aux questions - Chalets Heron\u2019s Nest Cottages | Charlo, NB","robots":{"index":"index","follow":"follow","max-snippet":"max-snippet:-1","max-image-preview":"max-image-preview:large","max-video-preview":"max-video-preview:-1"},"canonical":"https:\/\/heronsnestcottages.com\/frequently-asked-questions\/","og_locale":"fr_FR","og_type":"article","og_title":"Foire aux questions","og_url":"https:\/\/heronsnestcottages.com\/frequently-asked-questions\/","og_site_name":"Chalets Heron\u2019s Nest Cottages | Charlo, NB","article_modified_time":"2020-07-31T14:19:37+00:00","twitter_card":"summary_large_image","twitter_misc":{"Dur\u00e9e de lecture estim\u00e9e":"5 minutes"},"schema":{"@context":"https:\/\/schema.org","@graph":[{"@type":"WebPage","@id":"https:\/\/heronsnestcottages.com\/frequently-asked-questions\/","url":"https:\/\/heronsnestcottages.com\/frequently-asked-questions\/","name":"Foire aux questions - Chalets Heron\u2019s Nest Cottages | Charlo, NB","isPartOf":{"@id":"https:\/\/heronsnestcottages.com\/#website"},"datePublished":"2020-02-23T02:00:45+00:00","dateModified":"2020-07-31T14:19:37+00:00","breadcrumb":{"@id":"https:\/\/heronsnestcottages.com\/frequently-asked-questions\/#breadcrumb"},"inLanguage":"fr-FR","potentialAction":[{"@type":"ReadAction","target":["https:\/\/heronsnestcottages.com\/frequently-asked-questions\/"]}]},{"@type":"BreadcrumbList","@id":"https:\/\/heronsnestcottages.com\/frequently-asked-questions\/#breadcrumb","itemListElement":[{"@type":"ListItem","position":1,"name":"Home","item":"https:\/\/heronsnestcottages.com\/fr\/"},{"@type":"ListItem","position":2,"name":"Foire aux questions"}]},{"@type":"WebSite","@id":"https:\/\/heronsnestcottages.com\/#website","url":"https:\/\/heronsnestcottages.com\/","name":"Chalets Heron\u2019s Nest Cottages | Charlo, NB","description":"Cottage Rentals in New Brunswick","potentialAction":[{"@type":"SearchAction","target":{"@type":"EntryPoint","urlTemplate":"https:\/\/heronsnestcottages.com\/?s={search_term_string}"},"query-input":{"@type":"PropertyValueSpecification","valueRequired":true,"valueName":"search_term_string"}}],"inLanguage":"fr-FR"}]}},"_links":{"self":[{"href":"https:\/\/heronsnestcottages.com\/fr\/wp-json\/wp\/v2\/pages\/2992","targetHints":{"allow":["GET"]}}],"collection":[{"href":"https:\/\/heronsnestcottages.com\/fr\/wp-json\/wp\/v2\/pages"}],"about":[{"href":"https:\/\/heronsnestcottages.com\/fr\/wp-json\/wp\/v2\/types\/page"}],"author":[{"embeddable":true,"href":"https:\/\/heronsnestcottages.com\/fr\/wp-json\/wp\/v2\/users\/13"}],"replies":[{"embeddable":true,"href":"https:\/\/heronsnestcottages.com\/fr\/wp-json\/wp\/v2\/comments?post=2992"}],"version-history":[{"count":0,"href":"https:\/\/heronsnestcottages.com\/fr\/wp-json\/wp\/v2\/pages\/2992\/revisions"}],"wp:attachment":[{"href":"https:\/\/heronsnestcottages.com\/fr\/wp-json\/wp\/v2\/media?parent=2992"}],"curies":[{"name":"wp","href":"https:\/\/api.w.org\/{rel}","templated":true}]}}