{"id":2974,"date":"2020-03-08T16:50:42","date_gmt":"2020-03-08T19:50:42","guid":{"rendered":"http:\/\/heronsnest.cp310.zenu.tech\/?page_id=2974"},"modified":"2020-03-08T20:52:12","modified_gmt":"2020-03-08T23:52:12","slug":"a-propos","status":"publish","type":"page","link":"https:\/\/heronsnestcottages.com\/fr\/a-propos\/","title":{"rendered":"\u00c0 propos"},"content":{"rendered":"\n<style type=\"text\/css\" data-created_by=\"avia_inline_auto\" id=\"style-css-av-1s10t54-0bf2f9b125c9e1602f8114503f71950e\">\n.avia-section.av-1s10t54-0bf2f9b125c9e1602f8114503f71950e .av-parallax .av-parallax-inner{\nbackground-repeat:no-repeat;\nbackground-image:url(https:\/\/heronsnestcottages.com\/wp-content\/uploads\/2020\/02\/heronsNest8.jpg);\nbackground-position:50% 50%;\nbackground-attachment:scroll;\n}\n.avia-section.av-1s10t54-0bf2f9b125c9e1602f8114503f71950e .av-section-color-overlay{\nopacity:0.4;\nbackground-color:#000000;\n}\n<\/style>\n<div id='av_section_1'  class='avia-section av-1s10t54-0bf2f9b125c9e1602f8114503f71950e main_color avia-section-large avia-no-border-styling  avia-builder-el-0  el_before_av_one_half  avia-builder-el-first  avia-full-stretch av-parallax-section avia-bg-style-parallax av-section-color-overlay-active container_wrap sidebar_right'  data-section-bg-repeat='stretch'><div class='av-parallax' data-avia-parallax-ratio='0.3' ><div class='av-parallax-inner main_color avia-full-stretch'><\/div><\/div><div class=\"av-section-color-overlay-wrap\"><div class=\"av-section-color-overlay\"><\/div><div class='container av-section-cont-open' ><main  role=\"main\" itemprop=\"mainContentOfPage\"  class='template-page content  av-content-small alpha units'><div class='post-entry post-entry-type-page post-entry-2974'><div class='entry-content-wrapper clearfix'>\n\n<style type=\"text\/css\" data-created_by=\"avia_inline_auto\" id=\"style-css-av-k7jotgsx-5a39406e0b609fb40bef331c1a0a13fc\">\n#top .av-special-heading.av-k7jotgsx-5a39406e0b609fb40bef331c1a0a13fc{\npadding-bottom:10px;\ncolor:#ffffff;\nfont-size:70px;\n}\nbody .av-special-heading.av-k7jotgsx-5a39406e0b609fb40bef331c1a0a13fc .av-special-heading-tag .heading-char{\nfont-size:25px;\n}\n#top #wrap_all .av-special-heading.av-k7jotgsx-5a39406e0b609fb40bef331c1a0a13fc .av-special-heading-tag{\nfont-size:70px;\n}\n.av-special-heading.av-k7jotgsx-5a39406e0b609fb40bef331c1a0a13fc .special-heading-inner-border{\nborder-color:#ffffff;\n}\n.av-special-heading.av-k7jotgsx-5a39406e0b609fb40bef331c1a0a13fc .av-subheading{\nfont-size:15px;\n}\n\n@media only screen and (min-width: 480px) and (max-width: 767px){ \n#top #wrap_all .av-special-heading.av-k7jotgsx-5a39406e0b609fb40bef331c1a0a13fc .av-special-heading-tag{\nfont-size:0.8em;\n}\n}\n\n@media only screen and (max-width: 479px){ \n#top #wrap_all .av-special-heading.av-k7jotgsx-5a39406e0b609fb40bef331c1a0a13fc .av-special-heading-tag{\nfont-size:0.8em;\n}\n}\n<\/style>\n<div  class='av-special-heading av-k7jotgsx-5a39406e0b609fb40bef331c1a0a13fc av-special-heading-h6 custom-color-heading blockquote modern-quote modern-centered  avia-builder-el-1  avia-builder-el-no-sibling  av-inherit-size'><h6 class='av-special-heading-tag '  itemprop=\"headline\"  >\u00c0 propos<\/h6><div class=\"special-heading-border\"><div class=\"special-heading-inner-border\"><\/div><\/div><\/div>\n<\/div><\/div><\/main><!-- close content main element --><\/div><\/div><\/div><div id='after_section_1'  class='main_color av_default_container_wrap container_wrap sidebar_right'  ><div class='container av-section-cont-open' ><div class='template-page content  av-content-small alpha units'><div class='post-entry post-entry-type-page post-entry-2974'><div class='entry-content-wrapper clearfix'>\n<style type=\"text\/css\" data-created_by=\"avia_inline_auto\" id=\"style-css-av-5uakmg-a9c4867c3885a0d6e67c9aeb48d4a1a9\">\n.flex_column.av-5uakmg-a9c4867c3885a0d6e67c9aeb48d4a1a9{\nborder-radius:0px 0px 0px 0px;\npadding:0px 0px 0px 0px;\n}\n<\/style>\n<div  class='flex_column av-5uakmg-a9c4867c3885a0d6e67c9aeb48d4a1a9 av_one_half  avia-builder-el-2  el_after_av_section  el_before_av_one_half  avia-builder-el-first  first flex_column_div av-animated-generic bottom-to-top av-zero-column-padding  '     ><p>\n<style type=\"text\/css\" data-created_by=\"avia_inline_auto\" id=\"style-css-av-k7jotsc2-6f45e38f8646b8633c1531a83307bac5\">\n#top .av-special-heading.av-k7jotsc2-6f45e38f8646b8633c1531a83307bac5{\npadding-bottom:20px;\nfont-size:34px;\n}\nbody .av-special-heading.av-k7jotsc2-6f45e38f8646b8633c1531a83307bac5 .av-special-heading-tag .heading-char{\nfont-size:25px;\n}\n#top #wrap_all .av-special-heading.av-k7jotsc2-6f45e38f8646b8633c1531a83307bac5 .av-special-heading-tag{\nfont-size:34px;\n}\n.av-special-heading.av-k7jotsc2-6f45e38f8646b8633c1531a83307bac5 .av-subheading{\nfont-size:15px;\n}\n\n@media only screen and (min-width: 480px) and (max-width: 767px){ \n#top #wrap_all .av-special-heading.av-k7jotsc2-6f45e38f8646b8633c1531a83307bac5 .av-special-heading-tag{\nfont-size:0.8em;\n}\n}\n\n@media only screen and (max-width: 479px){ \n#top #wrap_all .av-special-heading.av-k7jotsc2-6f45e38f8646b8633c1531a83307bac5 .av-special-heading-tag{\nfont-size:0.8em;\n}\n}\n<\/style>\n<div  class='av-special-heading av-k7jotsc2-6f45e38f8646b8633c1531a83307bac5 av-special-heading-h3 blockquote modern-quote  avia-builder-el-3  el_before_av_textblock  avia-builder-el-first  av-inherit-size'><h3 class='av-special-heading-tag '  itemprop=\"headline\"  >Bienvenue!<\/h3><div class=\"special-heading-border\"><div class=\"special-heading-inner-border\"><\/div><\/div><\/div><br \/>\n<section  class='av_textblock_section av-1ji9n4o-cb01a50988f6d4007dbc57320d3218c1 '   itemscope=\"itemscope\" itemtype=\"https:\/\/schema.org\/CreativeWork\" ><div class='avia_textblock'  itemprop=\"text\" ><p>Bienvenue \u00e0 Charlo au Nouveau-Brunswick la porte d&rsquo;entr\u00e9e de la Route du littoral acadien et de la cha\u00eene des Appalaches!<\/p>\n<p>Le Nid du H\u00e9ron est un site enchanteur avec une vue panoramique inoubliable de la\u00a0Baie des Chaleurs, la c\u00f4te gasp\u00e9sienne et la cha\u00eene des montagnes appalaches.\u00a0 Vous aurez certainement la plus belle vue de la province!\u00a0 Levers et couchers de soleil \u00e0 couper le souffle!<\/p>\n<\/div><\/section><\/p><\/div>\n<style type=\"text\/css\" data-created_by=\"avia_inline_auto\" id=\"style-css-av-1i3ksoo-4b8ad34645c25ad00b72c9b801aacd42\">\n.flex_column.av-1i3ksoo-4b8ad34645c25ad00b72c9b801aacd42{\nborder-radius:0px 0px 0px 0px;\npadding:0px 0px 0px 0px;\n}\n<\/style>\n<div  class='flex_column av-1i3ksoo-4b8ad34645c25ad00b72c9b801aacd42 av_one_half  avia-builder-el-5  el_after_av_one_half  avia-builder-el-last  flex_column_div av-animated-generic bottom-to-top av-zero-column-padding  '     ><section  class='av_textblock_section av-1dw44e0-c1eafd3bb8b1c9934eeeefd4533761f2 '   itemscope=\"itemscope\" itemtype=\"https:\/\/schema.org\/CreativeWork\" ><div class='avia_textblock'  itemprop=\"text\" ><p>A quelques pas de la plage et avec un acc\u00e8s direct aux sentiers pour la marche, le v\u00e9lo et la motoneige, les adeptes d&rsquo;activit\u00e9s ext\u00e9rieures seront combl\u00e9s! Nos\u00a0vingt chalets\u00a0sont ouverts \u00e0 l&rsquo;ann\u00e9e!\u00a0\u00a0 Nous avons maintenant une micro-brasserie directement sur le site des chalets ainsi qu&rsquo;un bistro pub!<\/p>\n<\/div><\/section><\/div><\/p>\n","protected":false},"excerpt":{"rendered":"","protected":false},"author":13,"featured_media":0,"parent":0,"menu_order":0,"comment_status":"open","ping_status":"open","template":"","meta":{"footnotes":""},"class_list":["post-2974","page","type-page","status-publish","hentry"],"yoast_head":"<!-- This site is optimized with the Yoast SEO Premium plugin v27.2 (Yoast SEO v27.2) - https:\/\/yoast.com\/product\/yoast-seo-premium-wordpress\/ -->\n<title>\u00c0 propos - Chalets Heron\u2019s Nest Cottages | Charlo, NB<\/title>\n<meta name=\"robots\" content=\"index, follow, max-snippet:-1, max-image-preview:large, max-video-preview:-1\" \/>\n<link rel=\"canonical\" href=\"https:\/\/heronsnestcottages.com\/about\/\" \/>\n<meta property=\"og:locale\" content=\"fr_FR\" \/>\n<meta property=\"og:type\" content=\"article\" \/>\n<meta property=\"og:title\" content=\"\u00c0 propos\" \/>\n<meta property=\"og:url\" content=\"https:\/\/heronsnestcottages.com\/about\/\" \/>\n<meta property=\"og:site_name\" content=\"Chalets Heron\u2019s Nest Cottages | Charlo, NB\" \/>\n<meta property=\"article:modified_time\" content=\"2020-03-08T23:52:12+00:00\" \/>\n<meta name=\"twitter:card\" content=\"summary_large_image\" \/>\n<meta name=\"twitter:label1\" content=\"Dur\u00e9e de lecture estim\u00e9e\" \/>\n\t<meta name=\"twitter:data1\" content=\"3 minutes\" \/>\n<script type=\"application\/ld+json\" class=\"yoast-schema-graph\">{\"@context\":\"https:\/\/schema.org\",\"@graph\":[{\"@type\":\"WebPage\",\"@id\":\"https:\/\/heronsnestcottages.com\/about\/\",\"url\":\"https:\/\/heronsnestcottages.com\/about\/\",\"name\":\"\u00c0 propos - Chalets Heron\u2019s Nest Cottages | Charlo, NB\",\"isPartOf\":{\"@id\":\"https:\/\/heronsnestcottages.com\/#website\"},\"datePublished\":\"2020-03-08T19:50:42+00:00\",\"dateModified\":\"2020-03-08T23:52:12+00:00\",\"breadcrumb\":{\"@id\":\"https:\/\/heronsnestcottages.com\/about\/#breadcrumb\"},\"inLanguage\":\"fr-FR\",\"potentialAction\":[{\"@type\":\"ReadAction\",\"target\":[\"https:\/\/heronsnestcottages.com\/about\/\"]}]},{\"@type\":\"BreadcrumbList\",\"@id\":\"https:\/\/heronsnestcottages.com\/about\/#breadcrumb\",\"itemListElement\":[{\"@type\":\"ListItem\",\"position\":1,\"name\":\"Home\",\"item\":\"https:\/\/heronsnestcottages.com\/fr\/\"},{\"@type\":\"ListItem\",\"position\":2,\"name\":\"\u00c0 propos\"}]},{\"@type\":\"WebSite\",\"@id\":\"https:\/\/heronsnestcottages.com\/#website\",\"url\":\"https:\/\/heronsnestcottages.com\/\",\"name\":\"Chalets Heron\u2019s Nest Cottages | Charlo, NB\",\"description\":\"Cottage Rentals in New Brunswick\",\"potentialAction\":[{\"@type\":\"SearchAction\",\"target\":{\"@type\":\"EntryPoint\",\"urlTemplate\":\"https:\/\/heronsnestcottages.com\/?s={search_term_string}\"},\"query-input\":{\"@type\":\"PropertyValueSpecification\",\"valueRequired\":true,\"valueName\":\"search_term_string\"}}],\"inLanguage\":\"fr-FR\"}]}<\/script>\n<!-- \/ Yoast SEO Premium plugin. -->","yoast_head_json":{"title":"\u00c0 propos - Chalets Heron\u2019s Nest Cottages | Charlo, NB","robots":{"index":"index","follow":"follow","max-snippet":"max-snippet:-1","max-image-preview":"max-image-preview:large","max-video-preview":"max-video-preview:-1"},"canonical":"https:\/\/heronsnestcottages.com\/about\/","og_locale":"fr_FR","og_type":"article","og_title":"\u00c0 propos","og_url":"https:\/\/heronsnestcottages.com\/about\/","og_site_name":"Chalets Heron\u2019s Nest Cottages | Charlo, NB","article_modified_time":"2020-03-08T23:52:12+00:00","twitter_card":"summary_large_image","twitter_misc":{"Dur\u00e9e de lecture estim\u00e9e":"3 minutes"},"schema":{"@context":"https:\/\/schema.org","@graph":[{"@type":"WebPage","@id":"https:\/\/heronsnestcottages.com\/about\/","url":"https:\/\/heronsnestcottages.com\/about\/","name":"\u00c0 propos - Chalets Heron\u2019s Nest Cottages | Charlo, NB","isPartOf":{"@id":"https:\/\/heronsnestcottages.com\/#website"},"datePublished":"2020-03-08T19:50:42+00:00","dateModified":"2020-03-08T23:52:12+00:00","breadcrumb":{"@id":"https:\/\/heronsnestcottages.com\/about\/#breadcrumb"},"inLanguage":"fr-FR","potentialAction":[{"@type":"ReadAction","target":["https:\/\/heronsnestcottages.com\/about\/"]}]},{"@type":"BreadcrumbList","@id":"https:\/\/heronsnestcottages.com\/about\/#breadcrumb","itemListElement":[{"@type":"ListItem","position":1,"name":"Home","item":"https:\/\/heronsnestcottages.com\/fr\/"},{"@type":"ListItem","position":2,"name":"\u00c0 propos"}]},{"@type":"WebSite","@id":"https:\/\/heronsnestcottages.com\/#website","url":"https:\/\/heronsnestcottages.com\/","name":"Chalets Heron\u2019s Nest Cottages | Charlo, NB","description":"Cottage Rentals in New Brunswick","potentialAction":[{"@type":"SearchAction","target":{"@type":"EntryPoint","urlTemplate":"https:\/\/heronsnestcottages.com\/?s={search_term_string}"},"query-input":{"@type":"PropertyValueSpecification","valueRequired":true,"valueName":"search_term_string"}}],"inLanguage":"fr-FR"}]}},"_links":{"self":[{"href":"https:\/\/heronsnestcottages.com\/fr\/wp-json\/wp\/v2\/pages\/2974","targetHints":{"allow":["GET"]}}],"collection":[{"href":"https:\/\/heronsnestcottages.com\/fr\/wp-json\/wp\/v2\/pages"}],"about":[{"href":"https:\/\/heronsnestcottages.com\/fr\/wp-json\/wp\/v2\/types\/page"}],"author":[{"embeddable":true,"href":"https:\/\/heronsnestcottages.com\/fr\/wp-json\/wp\/v2\/users\/13"}],"replies":[{"embeddable":true,"href":"https:\/\/heronsnestcottages.com\/fr\/wp-json\/wp\/v2\/comments?post=2974"}],"version-history":[{"count":0,"href":"https:\/\/heronsnestcottages.com\/fr\/wp-json\/wp\/v2\/pages\/2974\/revisions"}],"wp:attachment":[{"href":"https:\/\/heronsnestcottages.com\/fr\/wp-json\/wp\/v2\/media?parent=2974"}],"curies":[{"name":"wp","href":"https:\/\/api.w.org\/{rel}","templated":true}]}}